{"id":2009,"date":"2021-07-02T11:33:33","date_gmt":"2021-07-02T08:33:33","guid":{"rendered":"https:\/\/c-potou.com\/shop\/non class\u00e9\/olives-vertes-farcies-au-citron\/"},"modified":"2021-07-02T11:33:33","modified_gmt":"2021-07-02T08:33:33","slug":"olives-vertes-farcies-au-citron","status":"publish","type":"product","link":"https:\/\/c-potou.com\/fr\/boutique\/olives-fr\/olives-vertes-farcies-au-citron\/","title":{"rendered":"Olives vertes farcies au citron"},"content":{"rendered":"<p>Les fruits et l\u00e9gumes frais de la fertile terre grecque du P\u00e9loponn\u00e8se donnent leur fra\u00eecheur, leurs ar\u00f4mes et leurs merveilleuses saveurs \u00e0 nos olives vertes farcies. Accompagnez vos salades, sandwichs, ou un plat grec. Ils accompagnent parfaitement les ap\u00e9ritifs ou les entr\u00e9es.<br \/>\nPrendre plaisir !<\/p>\n","protected":false},"excerpt":{"rendered":"<p>Les fruits et l\u00e9gumes frais de la fertile terre grecque du P\u00e9loponn\u00e8se donnent leur fra\u00eecheur, leurs ar\u00f4mes et leurs merveilleuses saveurs \u00e0 nos olives vertes farcies. Accompagnez vos salades, sandwichs, ou un plat grec. Ils accompagnent id\u00e9alement les ap\u00e9ritifs ou les entr\u00e9es.<\/p>\n","protected":false},"featured_media":1456,"comment_status":"closed","ping_status":"closed","template":"","meta":[],"product_brand":[],"product_cat":[156],"product_tag":[],"class_list":{"0":"post-2009","1":"product","2":"type-product","3":"status-publish","4":"has-post-thumbnail","6":"product_cat-olives-fr","7":"pa_packaging-sac-sous-vide-250gr","9":"first","10":"instock","11":"shipping-taxable","12":"product-type-simple"},"_links":{"self":[{"href":"https:\/\/c-potou.com\/fr\/wp-json\/wp\/v2\/product\/2009","targetHints":{"allow":["GET"]}}],"collection":[{"href":"https:\/\/c-potou.com\/fr\/wp-json\/wp\/v2\/product"}],"about":[{"href":"https:\/\/c-potou.com\/fr\/wp-json\/wp\/v2\/types\/product"}],"replies":[{"embeddable":true,"href":"https:\/\/c-potou.com\/fr\/wp-json\/wp\/v2\/comments?post=2009"}],"wp:featuredmedia":[{"embeddable":true,"href":"https:\/\/c-potou.com\/fr\/wp-json\/wp\/v2\/media\/1456"}],"wp:attachment":[{"href":"https:\/\/c-potou.com\/fr\/wp-json\/wp\/v2\/media?parent=2009"}],"wp:term":[{"taxonomy":"product_brand","embeddable":true,"href":"https:\/\/c-potou.com\/fr\/wp-json\/wp\/v2\/product_brand?post=2009"},{"taxonomy":"product_cat","embeddable":true,"href":"https:\/\/c-potou.com\/fr\/wp-json\/wp\/v2\/product_cat?post=2009"},{"taxonomy":"product_tag","embeddable":true,"href":"https:\/\/c-potou.com\/fr\/wp-json\/wp\/v2\/product_tag?post=2009"}],"curies":[{"name":"wp","href":"https:\/\/api.w.org\/{rel}","templated":true}]}}