{"id":2000,"date":"2021-07-02T11:13:38","date_gmt":"2021-07-02T08:13:38","guid":{"rendered":"https:\/\/c-potou.com\/shop\/non class\u00e9\/no-3-olives-vertes-marinees-au-basilic-laurier-poivre-piment-oignon\/"},"modified":"2021-07-02T11:13:38","modified_gmt":"2021-07-02T08:13:38","slug":"no-3-olives-vertes-marinees-au-basilic-laurier-poivre-piment-oignon","status":"publish","type":"product","link":"https:\/\/c-potou.com\/fr\/boutique\/olives-fr\/no-3-olives-vertes-marinees-au-basilic-laurier-poivre-piment-oignon\/","title":{"rendered":"No 3 &#8211; Olives vertes marin\u00e9es au basilic-laurier-poivre-piment-oignon"},"content":{"rendered":"<p>Les herbes fra\u00eeches et les \u00e9pices grecques sont la marinade id\u00e9ale pour nos olives vertes qui sentent bon et offrent de d\u00e9licieuses saveurs dans vos moments m\u00e9diterran\u00e9ens avec vos proches. Snacks id\u00e9aux pour les salades et les ap\u00e9ritifs.<\/p>\n","protected":false},"excerpt":{"rendered":"<p>Les herbes fra\u00eeches et les \u00e9pices grecques sont la marinade id\u00e9ale pour nos olives vertes qui sentent bon et offrent de d\u00e9licieuses saveurs dans vos moments m\u00e9diterran\u00e9ens avec vos proches. Snacks id\u00e9aux pour les salades et les ap\u00e9ritifs.<\/p>\n","protected":false},"featured_media":1464,"comment_status":"closed","ping_status":"closed","template":"","meta":[],"product_brand":[],"product_cat":[156],"product_tag":[],"class_list":{"0":"post-2000","1":"product","2":"type-product","3":"status-publish","4":"has-post-thumbnail","6":"product_cat-olives-fr","7":"pa_packaging-recipient-en-plastique-de-25-kg","8":"pa_packaging-sac-sous-vide-de-220-g","10":"first","11":"instock","12":"shipping-taxable","13":"product-type-simple"},"_links":{"self":[{"href":"https:\/\/c-potou.com\/fr\/wp-json\/wp\/v2\/product\/2000","targetHints":{"allow":["GET"]}}],"collection":[{"href":"https:\/\/c-potou.com\/fr\/wp-json\/wp\/v2\/product"}],"about":[{"href":"https:\/\/c-potou.com\/fr\/wp-json\/wp\/v2\/types\/product"}],"replies":[{"embeddable":true,"href":"https:\/\/c-potou.com\/fr\/wp-json\/wp\/v2\/comments?post=2000"}],"wp:featuredmedia":[{"embeddable":true,"href":"https:\/\/c-potou.com\/fr\/wp-json\/wp\/v2\/media\/1464"}],"wp:attachment":[{"href":"https:\/\/c-potou.com\/fr\/wp-json\/wp\/v2\/media?parent=2000"}],"wp:term":[{"taxonomy":"product_brand","embeddable":true,"href":"https:\/\/c-potou.com\/fr\/wp-json\/wp\/v2\/product_brand?post=2000"},{"taxonomy":"product_cat","embeddable":true,"href":"https:\/\/c-potou.com\/fr\/wp-json\/wp\/v2\/product_cat?post=2000"},{"taxonomy":"product_tag","embeddable":true,"href":"https:\/\/c-potou.com\/fr\/wp-json\/wp\/v2\/product_tag?post=2000"}],"curies":[{"name":"wp","href":"https:\/\/api.w.org\/{rel}","templated":true}]}}