{"id":1997,"date":"2021-06-08T18:24:48","date_gmt":"2021-06-08T15:24:48","guid":{"rendered":"https:\/\/c-potou.com\/shop\/non class\u00e9\/la-super-food-boite\/"},"modified":"2021-06-08T18:24:48","modified_gmt":"2021-06-08T15:24:48","slug":"la-super-food-boite","status":"publish","type":"product","link":"https:\/\/c-potou.com\/fr\/boutique\/cadeaux-dentreprise\/la-super-food-boite\/","title":{"rendered":"La \u00a0\u00bbSuper Food\u00a0\u00bb Bo\u00eete"},"content":{"rendered":"<p>Athl\u00e8tes Superb, haute teneur en ph\u00e9nolique, 500 ml<br \/>\nCr\u00e8me d&rsquo;olive Kalamata 100gr<br \/>\nHuile d&rsquo;olive \u00e0 l&rsquo;orange 250gr<br \/>\nOlives Kalamata en saumure naturelle 180gr<br \/>\nOlives vertes farcies aux fruits ou l\u00e9gumes grecs 250gr<br \/>\nOlives vertes marin\u00e9es aux herbes grecques 220gr<\/p>\n","protected":false},"excerpt":{"rendered":"<p>Athl\u00e8tes Superb, haute teneur en ph\u00e9nolique, 500 ml<br \/>\nCr\u00e8me d&rsquo;olive Kalamata 100gr<br \/>\nHuile d&rsquo;olive \u00e0 l&rsquo;orange 250gr<br \/>\nOlives Kalamata en saumure naturelle 180gr<br \/>\nOlives vertes farcies aux fruits ou l\u00e9gumes grecs 250gr<br \/>\nOlives vertes marin\u00e9es aux herbes grecques 220gr<\/p>\n","protected":false},"featured_media":1716,"comment_status":"closed","ping_status":"closed","template":"","meta":[],"product_brand":[],"product_cat":[161],"product_tag":[],"class_list":{"0":"post-1997","1":"product","2":"type-product","3":"status-publish","4":"has-post-thumbnail","6":"product_cat-cadeaux-dentreprise","8":"first","9":"instock","10":"shipping-taxable","11":"product-type-simple"},"_links":{"self":[{"href":"https:\/\/c-potou.com\/fr\/wp-json\/wp\/v2\/product\/1997","targetHints":{"allow":["GET"]}}],"collection":[{"href":"https:\/\/c-potou.com\/fr\/wp-json\/wp\/v2\/product"}],"about":[{"href":"https:\/\/c-potou.com\/fr\/wp-json\/wp\/v2\/types\/product"}],"replies":[{"embeddable":true,"href":"https:\/\/c-potou.com\/fr\/wp-json\/wp\/v2\/comments?post=1997"}],"wp:featuredmedia":[{"embeddable":true,"href":"https:\/\/c-potou.com\/fr\/wp-json\/wp\/v2\/media\/1716"}],"wp:attachment":[{"href":"https:\/\/c-potou.com\/fr\/wp-json\/wp\/v2\/media?parent=1997"}],"wp:term":[{"taxonomy":"product_brand","embeddable":true,"href":"https:\/\/c-potou.com\/fr\/wp-json\/wp\/v2\/product_brand?post=1997"},{"taxonomy":"product_cat","embeddable":true,"href":"https:\/\/c-potou.com\/fr\/wp-json\/wp\/v2\/product_cat?post=1997"},{"taxonomy":"product_tag","embeddable":true,"href":"https:\/\/c-potou.com\/fr\/wp-json\/wp\/v2\/product_tag?post=1997"}],"curies":[{"name":"wp","href":"https:\/\/api.w.org\/{rel}","templated":true}]}}