{"id":1993,"date":"2021-06-08T18:20:19","date_gmt":"2021-06-08T15:20:19","guid":{"rendered":"https:\/\/c-potou.com\/shop\/non class\u00e9\/la-boite-mediterraneenne\/"},"modified":"2021-06-08T18:20:19","modified_gmt":"2021-06-08T15:20:19","slug":"la-boite-mediterraneenne","status":"publish","type":"product","link":"https:\/\/c-potou.com\/fr\/boutique\/cadeaux-dentreprise\/la-boite-mediterraneenne\/","title":{"rendered":"La Bo\u00eete M\u00e9diterran\u00e9enne"},"content":{"rendered":"<p>Dinamico, Bio Haut Ph\u00e9nolique 500ml<br \/>\nMezes, P\u00e2te \u00e0 tartiner aux olives Kalamata Bio au piment doux de Florina 100gr<br \/>\nOlives vertes aux herbes grecques 220gr<br \/>\nMezes, Tapenade d&rsquo;olives Kalamata Bio aux anchois 100gr<br \/>\nOlives Kalamata bio en saumure naturelle 170gr<\/p>\n","protected":false},"excerpt":{"rendered":"<p>Dinamico, Bio Haut Ph\u00e9nolique 500ml<br \/>\nMezes, P\u00e2te \u00e0 tartiner aux olives Kalamata Bio au piment doux de Florina 100gr<br \/>\nOlives vertes aux herbes grecques 220gr<br \/>\nMezes, Tapenade d&rsquo;olives Kalamata Bio aux anchois 100gr<br \/>\nOlives Kalamata bio en saumure naturelle 170gr<\/p>\n","protected":false},"featured_media":1708,"comment_status":"closed","ping_status":"closed","template":"","meta":[],"product_brand":[],"product_cat":[161],"product_tag":[],"class_list":{"0":"post-1993","1":"product","2":"type-product","3":"status-publish","4":"has-post-thumbnail","6":"product_cat-cadeaux-dentreprise","8":"first","9":"instock","10":"shipping-taxable","11":"product-type-simple"},"_links":{"self":[{"href":"https:\/\/c-potou.com\/fr\/wp-json\/wp\/v2\/product\/1993","targetHints":{"allow":["GET"]}}],"collection":[{"href":"https:\/\/c-potou.com\/fr\/wp-json\/wp\/v2\/product"}],"about":[{"href":"https:\/\/c-potou.com\/fr\/wp-json\/wp\/v2\/types\/product"}],"replies":[{"embeddable":true,"href":"https:\/\/c-potou.com\/fr\/wp-json\/wp\/v2\/comments?post=1993"}],"wp:featuredmedia":[{"embeddable":true,"href":"https:\/\/c-potou.com\/fr\/wp-json\/wp\/v2\/media\/1708"}],"wp:attachment":[{"href":"https:\/\/c-potou.com\/fr\/wp-json\/wp\/v2\/media?parent=1993"}],"wp:term":[{"taxonomy":"product_brand","embeddable":true,"href":"https:\/\/c-potou.com\/fr\/wp-json\/wp\/v2\/product_brand?post=1993"},{"taxonomy":"product_cat","embeddable":true,"href":"https:\/\/c-potou.com\/fr\/wp-json\/wp\/v2\/product_cat?post=1993"},{"taxonomy":"product_tag","embeddable":true,"href":"https:\/\/c-potou.com\/fr\/wp-json\/wp\/v2\/product_tag?post=1993"}],"curies":[{"name":"wp","href":"https:\/\/api.w.org\/{rel}","templated":true}]}}