{"id":1992,"date":"2021-06-08T18:19:09","date_gmt":"2021-06-08T15:19:09","guid":{"rendered":"https:\/\/c-potou.com\/shop\/non class\u00e9\/la-boite-aperitif-grecque\/"},"modified":"2021-06-08T18:19:09","modified_gmt":"2021-06-08T15:19:09","slug":"la-boite-aperitif-grecque","status":"publish","type":"product","link":"https:\/\/c-potou.com\/fr\/boutique\/cadeaux-dentreprise\/la-boite-aperitif-grecque\/","title":{"rendered":"La Bo\u00eete Ap\u00e9ritif Grecque"},"content":{"rendered":"<p>Cr\u00e8me d&rsquo;olive Kalamata 100gr<br \/>\nHuile d&rsquo;olive \u00e0 l&rsquo;ail 250gr<br \/>\nP\u00e2te \u00e0 tartiner aux olives Kalamata traditionnelle, recette familiale 100gr<br \/>\nHuile d&rsquo;olive piment\u00e9e 250gr<br \/>\nMezes, P\u00e2te \u00e0 tartiner aux olives Kalamata Bio au piment doux de Florina 100gr<br \/>\nOlives vertes aux fruits ou l\u00e9gumes grecs 250gr<br \/>\nMezes, Tapenade d&rsquo;olives Kalamata Bio aux anchois 100gr<\/p>\n","protected":false},"excerpt":{"rendered":"<p>Huile d&rsquo;olive \u00e0 l&rsquo;ail 250gr<br \/>\nP\u00e2te \u00e0 tartiner aux olives Kalamata traditionnelle, recette familiale 100gr<br \/>\nHuile d&rsquo;olive piment\u00e9e 250gr<br \/>\nMezes, P\u00e2te \u00e0 tartiner aux olives Kalamata Bio au piment doux de Florina 100gr<br \/>\nOlives vertes aux fruits ou l\u00e9gumes grecs 250gr<br \/>\nMezes, Tapenade d&rsquo;olives Kalamata Bio aux anchois 100gr<\/p>\n","protected":false},"featured_media":1706,"comment_status":"closed","ping_status":"closed","template":"","meta":[],"product_brand":[],"product_cat":[161],"product_tag":[],"class_list":{"0":"post-1992","1":"product","2":"type-product","3":"status-publish","4":"has-post-thumbnail","6":"product_cat-cadeaux-dentreprise","8":"first","9":"instock","10":"shipping-taxable","11":"product-type-simple"},"_links":{"self":[{"href":"https:\/\/c-potou.com\/fr\/wp-json\/wp\/v2\/product\/1992","targetHints":{"allow":["GET"]}}],"collection":[{"href":"https:\/\/c-potou.com\/fr\/wp-json\/wp\/v2\/product"}],"about":[{"href":"https:\/\/c-potou.com\/fr\/wp-json\/wp\/v2\/types\/product"}],"replies":[{"embeddable":true,"href":"https:\/\/c-potou.com\/fr\/wp-json\/wp\/v2\/comments?post=1992"}],"wp:featuredmedia":[{"embeddable":true,"href":"https:\/\/c-potou.com\/fr\/wp-json\/wp\/v2\/media\/1706"}],"wp:attachment":[{"href":"https:\/\/c-potou.com\/fr\/wp-json\/wp\/v2\/media?parent=1992"}],"wp:term":[{"taxonomy":"product_brand","embeddable":true,"href":"https:\/\/c-potou.com\/fr\/wp-json\/wp\/v2\/product_brand?post=1992"},{"taxonomy":"product_cat","embeddable":true,"href":"https:\/\/c-potou.com\/fr\/wp-json\/wp\/v2\/product_cat?post=1992"},{"taxonomy":"product_tag","embeddable":true,"href":"https:\/\/c-potou.com\/fr\/wp-json\/wp\/v2\/product_tag?post=1992"}],"curies":[{"name":"wp","href":"https:\/\/api.w.org\/{rel}","templated":true}]}}