{"id":1985,"date":"2021-06-01T21:15:56","date_gmt":"2021-06-01T18:15:56","guid":{"rendered":"https:\/\/c-potou.com\/shop\/non class\u00e9\/melan-premium-500ml-elegant-line-tube\/"},"modified":"2021-06-01T21:15:56","modified_gmt":"2021-06-01T18:15:56","slug":"melan-premium-500ml-elegant-line-tube","status":"publish","type":"product","link":"https:\/\/c-potou.com\/fr\/boutique\/cadeaux-dentreprise\/melan-premium-500ml-elegant-line-tube\/","title":{"rendered":"Melan Premium 500ml Elegant Line Tube"},"content":{"rendered":"<p>Bouteille en verre de qualit\u00e9 sup\u00e9rieure de 500 ml Melan<br \/>\nBo\u00eete de tube cadeau ligne \u00e9l\u00e9gante<\/p>\n","protected":false},"excerpt":{"rendered":"<p>Bouteille en verre de qualit\u00e9 sup\u00e9rieure de 500 ml Melan<br \/>\nBo\u00eete de tube cadeau ligne \u00e9l\u00e9gante<\/p>\n","protected":false},"featured_media":1762,"comment_status":"closed","ping_status":"closed","template":"","meta":[],"product_brand":[],"product_cat":[161,162],"product_tag":[],"class_list":{"0":"post-1985","1":"product","2":"type-product","3":"status-publish","4":"has-post-thumbnail","6":"product_cat-cadeaux-dentreprise","7":"product_cat-idees-cadeaux","9":"first","10":"instock","11":"shipping-taxable","12":"product-type-simple"},"_links":{"self":[{"href":"https:\/\/c-potou.com\/fr\/wp-json\/wp\/v2\/product\/1985","targetHints":{"allow":["GET"]}}],"collection":[{"href":"https:\/\/c-potou.com\/fr\/wp-json\/wp\/v2\/product"}],"about":[{"href":"https:\/\/c-potou.com\/fr\/wp-json\/wp\/v2\/types\/product"}],"replies":[{"embeddable":true,"href":"https:\/\/c-potou.com\/fr\/wp-json\/wp\/v2\/comments?post=1985"}],"wp:featuredmedia":[{"embeddable":true,"href":"https:\/\/c-potou.com\/fr\/wp-json\/wp\/v2\/media\/1762"}],"wp:attachment":[{"href":"https:\/\/c-potou.com\/fr\/wp-json\/wp\/v2\/media?parent=1985"}],"wp:term":[{"taxonomy":"product_brand","embeddable":true,"href":"https:\/\/c-potou.com\/fr\/wp-json\/wp\/v2\/product_brand?post=1985"},{"taxonomy":"product_cat","embeddable":true,"href":"https:\/\/c-potou.com\/fr\/wp-json\/wp\/v2\/product_cat?post=1985"},{"taxonomy":"product_tag","embeddable":true,"href":"https:\/\/c-potou.com\/fr\/wp-json\/wp\/v2\/product_tag?post=1985"}],"curies":[{"name":"wp","href":"https:\/\/api.w.org\/{rel}","templated":true}]}}