{"id":1984,"date":"2021-06-01T21:01:43","date_gmt":"2021-06-01T18:01:43","guid":{"rendered":"https:\/\/c-potou.com\/shop\/non class\u00e9\/melan-premium-500-ml-boite-a-main-en-bois-vintage\/"},"modified":"2021-06-01T21:01:43","modified_gmt":"2021-06-01T18:01:43","slug":"melan-premium-500-ml-boite-a-main-en-bois-vintage","status":"publish","type":"product","link":"https:\/\/c-potou.com\/fr\/boutique\/cadeaux-dentreprise\/melan-premium-500-ml-boite-a-main-en-bois-vintage\/","title":{"rendered":"Melan Premium 500 ml Bo\u00eete \u00e0 main en bois vintage"},"content":{"rendered":"<p>Bouteille en verre de qualit\u00e9 sup\u00e9rieure de 500 ml Melan<br \/>\nCoffret cadeau fait main en bois vintage<\/p>\n","protected":false},"excerpt":{"rendered":"<p>Bouteille en verre de qualit\u00e9 sup\u00e9rieure de 500 ml Melan<br \/>\nCoffret cadeau fait main en bois vintage<\/p>\n","protected":false},"featured_media":1618,"comment_status":"closed","ping_status":"closed","template":"","meta":[],"product_brand":[],"product_cat":[161,162],"product_tag":[],"class_list":{"0":"post-1984","1":"product","2":"type-product","3":"status-publish","4":"has-post-thumbnail","6":"product_cat-cadeaux-dentreprise","7":"product_cat-idees-cadeaux","9":"first","10":"instock","11":"shipping-taxable","12":"product-type-simple"},"_links":{"self":[{"href":"https:\/\/c-potou.com\/fr\/wp-json\/wp\/v2\/product\/1984","targetHints":{"allow":["GET"]}}],"collection":[{"href":"https:\/\/c-potou.com\/fr\/wp-json\/wp\/v2\/product"}],"about":[{"href":"https:\/\/c-potou.com\/fr\/wp-json\/wp\/v2\/types\/product"}],"replies":[{"embeddable":true,"href":"https:\/\/c-potou.com\/fr\/wp-json\/wp\/v2\/comments?post=1984"}],"wp:featuredmedia":[{"embeddable":true,"href":"https:\/\/c-potou.com\/fr\/wp-json\/wp\/v2\/media\/1618"}],"wp:attachment":[{"href":"https:\/\/c-potou.com\/fr\/wp-json\/wp\/v2\/media?parent=1984"}],"wp:term":[{"taxonomy":"product_brand","embeddable":true,"href":"https:\/\/c-potou.com\/fr\/wp-json\/wp\/v2\/product_brand?post=1984"},{"taxonomy":"product_cat","embeddable":true,"href":"https:\/\/c-potou.com\/fr\/wp-json\/wp\/v2\/product_cat?post=1984"},{"taxonomy":"product_tag","embeddable":true,"href":"https:\/\/c-potou.com\/fr\/wp-json\/wp\/v2\/product_tag?post=1984"}],"curies":[{"name":"wp","href":"https:\/\/api.w.org\/{rel}","templated":true}]}}