{"id":1981,"date":"2021-06-01T20:56:16","date_gmt":"2021-06-01T17:56:16","guid":{"rendered":"https:\/\/c-potou.com\/shop\/non class\u00e9\/coffret-tube-cadeau-ligne-elegante-de-delices-grecs\/"},"modified":"2021-06-01T20:56:16","modified_gmt":"2021-06-01T17:56:16","slug":"coffret-tube-cadeau-ligne-elegante-de-delices-grecs","status":"publish","type":"product","link":"https:\/\/c-potou.com\/fr\/boutique\/cadeaux-dentreprise\/coffret-tube-cadeau-ligne-elegante-de-delices-grecs\/","title":{"rendered":"Coffret tube cadeau ligne \u00e9l\u00e9gante de d\u00e9lices grecs"},"content":{"rendered":"<p>Pot en verre 100gr de cr\u00e8me d&rsquo;olive Kalamata<br \/>\nPot en verre 100gr de p\u00e2t\u00e9 d&rsquo;olive traditionnel Kalamata<br \/>\nCoffret tube cadeau ligne \u00e9l\u00e9gante de d\u00e9lices grecs<\/p>\n","protected":false},"excerpt":{"rendered":"<p>Pot en verre 100gr de cr\u00e8me d&rsquo;olive Kalamata<br \/>\nPot en verre 100gr de p\u00e2t\u00e9 d&rsquo;olive traditionnel Kalamata<br \/>\nCoffret tube cadeau ligne \u00e9l\u00e9gante de d\u00e9lices grecs<\/p>\n","protected":false},"featured_media":1630,"comment_status":"closed","ping_status":"closed","template":"","meta":[],"product_brand":[],"product_cat":[161,162],"product_tag":[],"class_list":{"0":"post-1981","1":"product","2":"type-product","3":"status-publish","4":"has-post-thumbnail","6":"product_cat-cadeaux-dentreprise","7":"product_cat-idees-cadeaux","9":"first","10":"instock","11":"shipping-taxable","12":"product-type-simple"},"_links":{"self":[{"href":"https:\/\/c-potou.com\/fr\/wp-json\/wp\/v2\/product\/1981","targetHints":{"allow":["GET"]}}],"collection":[{"href":"https:\/\/c-potou.com\/fr\/wp-json\/wp\/v2\/product"}],"about":[{"href":"https:\/\/c-potou.com\/fr\/wp-json\/wp\/v2\/types\/product"}],"replies":[{"embeddable":true,"href":"https:\/\/c-potou.com\/fr\/wp-json\/wp\/v2\/comments?post=1981"}],"wp:featuredmedia":[{"embeddable":true,"href":"https:\/\/c-potou.com\/fr\/wp-json\/wp\/v2\/media\/1630"}],"wp:attachment":[{"href":"https:\/\/c-potou.com\/fr\/wp-json\/wp\/v2\/media?parent=1981"}],"wp:term":[{"taxonomy":"product_brand","embeddable":true,"href":"https:\/\/c-potou.com\/fr\/wp-json\/wp\/v2\/product_brand?post=1981"},{"taxonomy":"product_cat","embeddable":true,"href":"https:\/\/c-potou.com\/fr\/wp-json\/wp\/v2\/product_cat?post=1981"},{"taxonomy":"product_tag","embeddable":true,"href":"https:\/\/c-potou.com\/fr\/wp-json\/wp\/v2\/product_tag?post=1981"}],"curies":[{"name":"wp","href":"https:\/\/api.w.org\/{rel}","templated":true}]}}