{"id":1980,"date":"2021-06-01T20:35:54","date_gmt":"2021-06-01T17:35:54","guid":{"rendered":"https:\/\/c-potou.com\/shop\/non%20class\u00e9\/athletes-superb\/"},"modified":"2025-07-10T12:11:16","modified_gmt":"2025-07-10T09:11:16","slug":"athletes-superb","status":"publish","type":"product","link":"https:\/\/c-potou.com\/fr\/boutique\/huiles-dolive-premium\/huiles-dolive-a-haute-teneur-en-phenols\/athletes-superb\/","title":{"rendered":"Athletes Superb"},"content":{"rendered":"<p><img loading=\"lazy\" decoding=\"async\" class=\"alignnone wp-image-2676 \" src=\"https:\/\/c-potou.com\/wp-content\/uploads\/2025\/06\/GOLD-athletes-2024-2025.png\" alt=\"\" width=\"100\" height=\"100\" srcset=\"https:\/\/c-potou.com\/wp-content\/uploads\/2025\/06\/GOLD-athletes-2024-2025.png 308w, https:\/\/c-potou.com\/wp-content\/uploads\/2025\/06\/GOLD-athletes-2024-2025-280x280.png 280w, https:\/\/c-potou.com\/wp-content\/uploads\/2025\/06\/GOLD-athletes-2024-2025-100x100.png 100w\" sizes=\"auto, (max-width: 100px) 100vw, 100px\" \/><img loading=\"lazy\" decoding=\"async\" class=\"alignnone wp-image-2664\" src=\"https:\/\/c-potou.com\/wp-content\/uploads\/2025\/02\/elite_league_2023.png\" alt=\"\" width=\"89\" height=\"89\" srcset=\"https:\/\/c-potou.com\/wp-content\/uploads\/2025\/02\/elite_league_2023.png 200w, https:\/\/c-potou.com\/wp-content\/uploads\/2025\/02\/elite_league_2023-100x100.png 100w\" sizes=\"auto, (max-width: 89px) 100vw, 89px\" \/>\u00a0<img loading=\"lazy\" decoding=\"async\" class=\"alignnone wp-image-619\" src=\"https:\/\/c-potou.com\/wp-content\/uploads\/2021\/04\/WOCH-WORLD-OLIVE-CENTER-FOR-HEALH.png\" alt=\"\" width=\"89\" height=\"96\" \/>\u00a0 <img loading=\"lazy\" decoding=\"async\" class=\"alignnone wp-image-2596\" src=\"https:\/\/c-potou.com\/wp-content\/uploads\/2021\/06\/gold_2022-2023-with-background.png\" alt=\"\" width=\"100\" height=\"100\" srcset=\"https:\/\/c-potou.com\/wp-content\/uploads\/2021\/06\/gold_2022-2023-with-background.png 308w, https:\/\/c-potou.com\/wp-content\/uploads\/2021\/06\/gold_2022-2023-with-background-280x280.png 280w, https:\/\/c-potou.com\/wp-content\/uploads\/2021\/06\/gold_2022-2023-with-background-100x100.png 100w\" sizes=\"auto, (max-width: 100px) 100vw, 100px\" \/><img loading=\"lazy\" decoding=\"async\" class=\"alignnone wp-image-544\" src=\"https:\/\/c-potou.com\/wp-content\/uploads\/2021\/04\/Picture-2.png\" alt=\"\" width=\"94\" height=\"94\" srcset=\"https:\/\/c-potou.com\/wp-content\/uploads\/2021\/04\/Picture-2.png 136w, https:\/\/c-potou.com\/wp-content\/uploads\/2021\/04\/Picture-2-100x100.png 100w\" sizes=\"auto, (max-width: 94px) 100vw, 94px\" \/>\u00a0\u00a0 <img loading=\"lazy\" decoding=\"async\" class=\"alignnone wp-image-637\" src=\"https:\/\/c-potou.com\/wp-content\/uploads\/2021\/04\/olyaw.jpg\" alt=\"\" width=\"98\" height=\"95\" \/><\/p>\n<p>Une huile d&rsquo;olive particuli\u00e8rement riche en ph\u00e9nols, essentiels pour accro\u00eetre l\u2019endurance naturelle de notre corps. En m\u00eame temps, un aliment d\u00e9licieux au go\u00fbt \u00e9quilibr\u00e9.<\/p>\n<p>Les derni\u00e8res proc\u00e9dures d\u2019extraction de l\u2019huile d\u2019olive et les machines modernes Contherm Alfa Laval que nous utilisons nous permettent d\u2019obtenir le \u00ab\u00a0repas quotidien des athl\u00e8tes\u00a0\u00bb, adapt\u00e9 aux conditions exigeantes de la vie moderne.<\/p>\n<p>La contribution du microclimat de la r\u00e9gion d&rsquo;Avia \u00e0 Kalamata et la vari\u00e9t\u00e9 Choraitiki donnent naissance \u00e0 cet aliment \u00e0 la fois savoureux et nutritif.<\/p>\n<p>Des recherches scientifiques sont d\u00e9j\u00e0 en cours sur l\u2019Athletes Superb chez les coureurs de marathon et ont d\u00e9j\u00e0 donn\u00e9 les premiers r\u00e9sultats positifs.<\/p>\n<p>Participent \u00e0 cette recherche : le D\u00e9partement de Pharmacie d&rsquo;Ath\u00e8nes, le World Olive Center for Health, le D\u00e9partement d&rsquo;\u00c9ducation Physique d&rsquo;Ath\u00e8nes, la Facult\u00e9 de M\u00e9decine d&rsquo;Ath\u00e8nes, le D\u00e9partement de Chimie de l&rsquo;Universit\u00e9 d&rsquo;Ath\u00e8nes et l&rsquo;Universit\u00e9 de Davis en Californie, aux \u00c9tats-Unis.<\/p>\n<p><strong>D\u00e9gustation :<\/strong> Les notes de tomate fra\u00eeche, l\u2019herbe coup\u00e9e et l\u2019ar\u00f4me des herbes sauvages grecques satisferont m\u00eame les palais les plus exigeants. Quant \u00e0 la fra\u00eecheur du fruit de l\u2019olive, elle \u00e9quilibre parfaitement le caract\u00e8re l\u00e9g\u00e8rement piquant et amer, transformant vos plats en un d\u00e9lice quotidien.<\/p>\n<p><strong>Suggestion culinaire :<\/strong> Utilisez <strong>Athletes Superb<\/strong> pour accompagner parfaitement vos viandes blanches, poissons, porc, champignons, salades et l\u00e9gumes. Pourquoi ne pas en profiter sur du pain frais ou une baguette avec une pinc\u00e9e de sel, sur des pommes de terre ou des p\u00e2tes ?<\/p>\n<p><strong>ASTUCE :<\/strong> Consommez environ deux (2) cuill\u00e8res \u00e0 soupe de cette huile d&rsquo;olive par jour pour une vie longue et saine.<\/p>\n<h3>Conditionnement :<\/h3>\n<ul>\n<li>Bouteille en verre de 500 ml<\/li>\n<li>Bouteille en verre de 750 ml<\/li>\n<\/ul>\n<h3>Sp\u00e9cifications du produit :<\/h3>\n<ul>\n<li>Acidit\u00e9 &lt; 0,5 %<\/li>\n<li>Peroxyde \u2264 20 mEq \u039f2\/kg<\/li>\n<li>Teneur en cire \u2264 250 mg\/kg<\/li>\n<li>K232 \u2264 2,50<\/li>\n<li>K270 \u2264 0,22<\/li>\n<li>DK \u2264 0,01<\/li>\n<\/ul>\n<p><strong>Origine :<\/strong> Avia, Kalamata<br \/>\n<strong>Vari\u00e9t\u00e9 d\u2019olive :<\/strong> Choraitiki<\/p>\n<p><strong>Valeur nutritionnelle pour 100 ml :<\/strong><\/p>\n<table width=\"480\">\n<tbody>\n<tr>\n<td>Energy value<\/td>\n<td>824 kcal\/ 3389 kj<\/td>\n<\/tr>\n<tr>\n<td>Fat<\/td>\n<td>91,6g<\/td>\n<\/tr>\n<tr>\n<td><em>of which<\/em><\/td>\n<td><\/td>\n<\/tr>\n<tr>\n<td>Saturated<\/td>\n<td>14,2g<\/td>\n<\/tr>\n<tr>\n<td>Monounsaturated<\/td>\n<td>70,9g<\/td>\n<\/tr>\n<tr>\n<td>Polyunsaturated<\/td>\n<td>6,5g<\/td>\n<\/tr>\n<tr>\n<td>Carbohydrates<\/td>\n<td>0g<\/td>\n<\/tr>\n<tr>\n<td><em>of which<\/em><\/td>\n<td><\/td>\n<\/tr>\n<tr>\n<td>Sugars<\/td>\n<td>0g<\/td>\n<\/tr>\n<tr>\n<td>Protein<\/td>\n<td>0g<\/td>\n<\/tr>\n<tr>\n<td>Cholesterol<\/td>\n<td>0g<\/td>\n<\/tr>\n<tr>\n<td>Fibre<\/td>\n<td>0g<\/td>\n<\/tr>\n<tr>\n<td>Salt<\/td>\n<td>0g<\/td>\n<\/tr>\n<\/tbody>\n<\/table>\n<p><img loading=\"lazy\" decoding=\"async\" class=\"alignnone size-full wp-image-1205\" src=\"https:\/\/c-potou.com\/wp-content\/uploads\/2021\/06\/vegetarians.png\" alt=\"\" width=\"60\" height=\"60\" \/><\/p>\n<ul>\n<li><strong>No Preservatives.<\/strong><\/li>\n<li><strong>No Additives.<\/strong><\/li>\n<li><strong>Keep in a cool shade place (22 C max ) and up to 18 months.<\/strong><\/li>\n<li><strong>Delivery conditions should be the same as storage conditions mentioned above.<\/strong><\/li>\n<li><strong>Do not refrigerate.<\/strong><\/li>\n<\/ul>\n","protected":false},"excerpt":{"rendered":"<p>Athletes Superb est la nourriture des athl\u00e8tes modernes de la vie quotidienne &#8211; Health Claim Certified.<\/p>\n","protected":false},"featured_media":1596,"comment_status":"closed","ping_status":"closed","template":"","meta":[],"product_brand":[],"product_cat":[161,160,158],"product_tag":[],"class_list":{"0":"post-1980","1":"product","2":"type-product","3":"status-publish","4":"has-post-thumbnail","6":"product_cat-cadeaux-dentreprise","7":"product_cat-huiles-dolive-a-haute-teneur-en-phenols","8":"product_cat-huiles-dolive-premium","9":"pa_olive-variety-koroneiki-fr","10":"pa_origin-kalamata-fr","11":"pa_packaging-bouteille-en-verre-de-500-ml","12":"pa_packaging-bouteille-en-verre-de-750-ml","14":"first","15":"instock","16":"shipping-taxable","17":"product-type-simple"},"_links":{"self":[{"href":"https:\/\/c-potou.com\/fr\/wp-json\/wp\/v2\/product\/1980","targetHints":{"allow":["GET"]}}],"collection":[{"href":"https:\/\/c-potou.com\/fr\/wp-json\/wp\/v2\/product"}],"about":[{"href":"https:\/\/c-potou.com\/fr\/wp-json\/wp\/v2\/types\/product"}],"replies":[{"embeddable":true,"href":"https:\/\/c-potou.com\/fr\/wp-json\/wp\/v2\/comments?post=1980"}],"wp:featuredmedia":[{"embeddable":true,"href":"https:\/\/c-potou.com\/fr\/wp-json\/wp\/v2\/media\/1596"}],"wp:attachment":[{"href":"https:\/\/c-potou.com\/fr\/wp-json\/wp\/v2\/media?parent=1980"}],"wp:term":[{"taxonomy":"product_brand","embeddable":true,"href":"https:\/\/c-potou.com\/fr\/wp-json\/wp\/v2\/product_brand?post=1980"},{"taxonomy":"product_cat","embeddable":true,"href":"https:\/\/c-potou.com\/fr\/wp-json\/wp\/v2\/product_cat?post=1980"},{"taxonomy":"product_tag","embeddable":true,"href":"https:\/\/c-potou.com\/fr\/wp-json\/wp\/v2\/product_tag?post=1980"}],"curies":[{"name":"wp","href":"https:\/\/api.w.org\/{rel}","templated":true}]}}