{"id":1979,"date":"2021-06-01T20:28:56","date_gmt":"2021-06-01T17:28:56","guid":{"rendered":"https:\/\/c-potou.com\/shop\/non class\u00e9\/dinamico-bio-biologique\/"},"modified":"2021-06-01T20:28:56","modified_gmt":"2021-06-01T17:28:56","slug":"dinamico-bio-biologique","status":"publish","type":"product","link":"https:\/\/c-potou.com\/fr\/boutique\/huiles-dolive-premium\/huiles-dolive-a-haute-teneur-en-phenols\/dinamico-bio-biologique\/","title":{"rendered":"Dinamico Bio \/ Biologique"},"content":{"rendered":"<p><img loading=\"lazy\" decoding=\"async\" class=\"alignnone wp-image-1304\" src=\"https:\/\/c-potou.com\/wp-content\/uploads\/2021\/03\/LogoDIO_En.png\" alt=\"\" width=\"84\" height=\"84\" srcset=\"https:\/\/c-potou.com\/wp-content\/uploads\/2021\/03\/LogoDIO_En.png 195w, https:\/\/c-potou.com\/wp-content\/uploads\/2021\/03\/LogoDIO_En-100x100.png 100w\" sizes=\"auto, (max-width: 84px) 100vw, 84px\" \/> \u00a0 <img loading=\"lazy\" decoding=\"async\" class=\"alignnone wp-image-1306\" src=\"https:\/\/c-potou.com\/wp-content\/uploads\/2021\/03\/POTOU_HEALTH_CLAIM_LOGO__3.png\" alt=\"\" width=\"106\" height=\"84\" \/><\/p>\n<p>Notre huile d&rsquo;olive pure et d\u00e9licieuse.<\/p>\n<p>R\u00e9colt\u00e9 \u00e0 la main sur nos arbres secs Koroneika dans les domaines montagneux des villages de Mess\u00e9nie, il est produit avec des m\u00e9thodes certifi\u00e9es de culture biologique. Les processus innovants que nous appliquons retiennent richement la substance naturelle de cette mati\u00e8re premi\u00e8re que le microclimat unique de Mess\u00e9nie requiert pour avoir le r\u00e9sultat parfait et le meilleur go\u00fbt de notre huile d&rsquo;olive.<\/p>\n<p><strong>D\u00e9gustation<\/strong>\u00a0: L&rsquo;ar\u00f4me de fleurs fra\u00eeches, l&rsquo;herbe fra\u00eechement coup\u00e9e et l&rsquo;ar\u00f4me d&rsquo;herbes grecques sauvages et de notes d&rsquo;orange satisferont m\u00eame les d\u00e9gustateurs les plus exigeants. Alors que le fruit\u00e9 de l&rsquo;olive fra\u00eeche \u00e9quilibre parfaitement le caract\u00e8re l\u00e9g\u00e8rement piquant, transformant vos plats en une d\u00e9licatesse agr\u00e9able au quotidien.<\/p>\n<p><strong>Suggestion culinaire<\/strong>\u00a0: Utilisez Bio Dinamico pour accompagner parfaitement votre salade grecque ou vos salades pr\u00e9f\u00e9r\u00e9es, l\u00e9gumes vapeur, soupe, viandes blanches et rouges. Pourquoi ne pas le d\u00e9guster sur du pain frais ou de la baguette saupoudr\u00e9e de sel, sur des pommes de terre ou des p\u00e2tes.<\/p>\n<p><strong>CONSEIL\u00a0: Consommez environ deux (2) cuill\u00e8res \u00e0 soupe de cette huile d&rsquo;olive par jour pour une longue dur\u00e9e de vie.<\/strong><\/p>\n<p><strong>Conditionnement<\/strong>\u00a0: \u00a0Bouteille en verre de 5000 ml, bouteille en verre de 750 ml.<\/p>\n<p><strong>Sp\u00e9cifications du produit<\/strong>\u00a0:<\/p>\n<ul>\n<li>Acidit\u00e9 &lt; 0,5\u00a0%<\/li>\n<li>Peroxyde 20 mEq \u039f2\/kg<\/li>\n<li>Teneur en cire \u2264 250 mg\/kg<\/li>\n<li>K232 2,50<\/li>\n<li>K270 0,22<\/li>\n<li>NSP 0,01<\/li>\n<\/ul>\n<p>&nbsp;<\/p>\n<p><strong>Origine<\/strong>\u00a0: Villages mess\u00e9niens<\/p>\n<p><strong>Vari\u00e9t\u00e9 d&rsquo;olives<\/strong>\u00a0: Koroneiki<\/p>\n<p><strong>Valeur nutritionnelle par 100 ml<\/strong><\/p>\n<table width=\"480\">\n<tbody>\n<tr>\n<td>Valeur \u00e9nerg\u00e9tique<\/td>\n<td>824\u00a0kcal\/3389\u00a0kj<\/td>\n<\/tr>\n<tr>\n<td>Gras<\/td>\n<td>91,6g<\/td>\n<\/tr>\n<tr>\n<td><em>dont<\/em><\/td>\n<td><\/td>\n<\/tr>\n<tr>\n<td>Satur\u00e9<\/td>\n<td>14,2g<\/td>\n<\/tr>\n<tr>\n<td>Monoinsatur\u00e9<\/td>\n<td>70,9g<\/td>\n<\/tr>\n<tr>\n<td>Polyinsatur\u00e9<\/td>\n<td>6,5g<\/td>\n<\/tr>\n<tr>\n<td>Glucides<\/td>\n<td>0g<\/td>\n<\/tr>\n<tr>\n<td><em>dont<\/em><\/td>\n<td><\/td>\n<\/tr>\n<tr>\n<td>Sucres<\/td>\n<td>0g<\/td>\n<\/tr>\n<tr>\n<td>Prot\u00e9ine<\/td>\n<td>0g<\/td>\n<\/tr>\n<tr>\n<td>Cholest\u00e9rol<\/td>\n<td>0g<\/td>\n<\/tr>\n<tr>\n<td>Fibre<\/td>\n<td>0g<\/td>\n<\/tr>\n<tr>\n<td>Sel<\/td>\n<td>0g<\/td>\n<\/tr>\n<\/tbody>\n<\/table>\n<p><img decoding=\"async\" class=\"alignnone size-full wp-image-1778\" src=\"https:\/\/c-potou.com\/wp-content\/uploads\/2021\/06\/vegetarians.png\" alt=\"\" width=\" 60\" height=\"60\" \/><\/p>\n<ul>\n<li><strong>Sans conservateurs.<\/strong><\/li>\n<li><strong>Aucun additif.<\/strong><\/li>\n<li><strong>Conserver dans un endroit frais et ombrag\u00e9 (22 C max) et jusqu&rsquo;\u00e0 18 mois.<\/strong><\/li>\n<li><strong>Les conditions de livraison doivent \u00eatre les m\u00eames que les conditions de stockage mentionn\u00e9es ci-dessus.<\/strong><\/li>\n<li><strong>Ne pas r\u00e9frig\u00e9rer.<\/strong><\/li>\n<\/ul>\n","protected":false},"excerpt":{"rendered":"<p>De la vari\u00e9t\u00e9 Koroneiki Olives cueillies \u00e0 la main &#8211; Certifi\u00e9 all\u00e9gation sant\u00e9.<\/p>\n","protected":false},"featured_media":1592,"comment_status":"closed","ping_status":"closed","template":"","meta":[],"product_brand":[],"product_cat":[160,158],"product_tag":[],"class_list":{"0":"post-1979","1":"product","2":"type-product","3":"status-publish","4":"has-post-thumbnail","6":"product_cat-huiles-dolive-a-haute-teneur-en-phenols","7":"product_cat-huiles-dolive-premium","8":"pa_olive-variety-koroneiki-fr","9":"pa_origin-villages-de-messenia","10":"pa_packaging-bouteille-en-verre-de-500-ml","11":"pa_packaging-bouteille-en-verre-de-750-ml","13":"first","14":"instock","15":"shipping-taxable","16":"product-type-simple"},"_links":{"self":[{"href":"https:\/\/c-potou.com\/fr\/wp-json\/wp\/v2\/product\/1979","targetHints":{"allow":["GET"]}}],"collection":[{"href":"https:\/\/c-potou.com\/fr\/wp-json\/wp\/v2\/product"}],"about":[{"href":"https:\/\/c-potou.com\/fr\/wp-json\/wp\/v2\/types\/product"}],"replies":[{"embeddable":true,"href":"https:\/\/c-potou.com\/fr\/wp-json\/wp\/v2\/comments?post=1979"}],"wp:featuredmedia":[{"embeddable":true,"href":"https:\/\/c-potou.com\/fr\/wp-json\/wp\/v2\/media\/1592"}],"wp:attachment":[{"href":"https:\/\/c-potou.com\/fr\/wp-json\/wp\/v2\/media?parent=1979"}],"wp:term":[{"taxonomy":"product_brand","embeddable":true,"href":"https:\/\/c-potou.com\/fr\/wp-json\/wp\/v2\/product_brand?post=1979"},{"taxonomy":"product_cat","embeddable":true,"href":"https:\/\/c-potou.com\/fr\/wp-json\/wp\/v2\/product_cat?post=1979"},{"taxonomy":"product_tag","embeddable":true,"href":"https:\/\/c-potou.com\/fr\/wp-json\/wp\/v2\/product_tag?post=1979"}],"curies":[{"name":"wp","href":"https:\/\/api.w.org\/{rel}","templated":true}]}}