{"id":1975,"date":"2021-06-01T19:56:56","date_gmt":"2021-06-01T16:56:56","guid":{"rendered":"https:\/\/c-potou.com\/shop\/non%20class\u00e9\/xantho-doux-sucre\/"},"modified":"2021-07-19T02:05:07","modified_gmt":"2021-07-18T23:05:07","slug":"xantho-doux-sucre","status":"publish","type":"product","link":"https:\/\/c-potou.com\/fr\/boutique\/huiles-dolive-premium\/huiles-dolive-a-haute-teneur-en-phenols\/xantho-doux-sucre\/","title":{"rendered":"Xantho &#8211; Doux &#038; Sucr\u00e9"},"content":{"rendered":"<p>Potou Xantho est l&rsquo;huile d&rsquo;olive vraiment d\u00e9licieuse de la coop\u00e9rative de petits agriculteurs, nos amis, de Maroneia dans le nord de la Gr\u00e8ce. Ensemble, nous supervisons l&rsquo;ensemble des proc\u00e9dures de d\u00e9veloppement et de production, dans le respect de la nature, faisant ressortir un r\u00e9sultat naturel exquis, avec nos connaissances scientifiques approfondies.<\/p>\n<p>Potou Xantho est une huile d&rsquo;olive extra vierge d&rsquo;extraction \u00e0 froid produite uniquement par des moyens m\u00e9caniques \u00e0 Maroneia, la terre mythique des Cicones comme mentionn\u00e9 par Hom\u00e8re. La rare vari\u00e9t\u00e9 maronitiki a des racines profondes dans l&rsquo;histoire de la Gr\u00e8ce antique, o\u00f9 ses oliviers poussaient sur les pentes du mont Ismaros dans le nord-ouest de la Gr\u00e8ce il y a des milliers d&rsquo;ann\u00e9es. Les oliveraies argent\u00e9es, suspendues aux pentes du mont. Ismaros, surplombe la mer de Thrace respirant sa brise.<\/p>\n<p>La d\u00e9licieuse Potou Xantho avec son piquant caract\u00e9ristique d\u00fb au pourcentage \u00e9lev\u00e9 de polyph\u00e9nols est une huile d&rsquo;olive de qualit\u00e9 sup\u00e9rieure. Avec les soins attentifs, la connaissance scientifique et le respect de la nature de Constantin Potou, l&rsquo;huile d&rsquo;olive la plus d\u00e9licate et la plus riche en ar\u00f4mes est produite. Potou Xantho est consid\u00e9r\u00e9e comme l&rsquo;une des meilleures huiles d&rsquo;olive extra vierge au monde avec des ar\u00f4mes splendides qui durent.<\/p>\n<p><strong>D\u00e9gustation<\/strong> : Potou Xantho intrigue votre nez avec des notes fra\u00eeches de pomme verte, de ch\u00e8vrefeuille et de melon, tandis que le fruit\u00e9 intense de l&rsquo;olive ravira votre go\u00fbt. Il est l\u00e9ger et doux avec des notes d&rsquo;herbes de montagne grecques et un arri\u00e8re-go\u00fbt de fruits secs sucr\u00e9s et d&rsquo;amandes douces comprenant une d\u00e9licieuse rhapsodie.<\/p>\n<p><strong>Suggestion culinaire<\/strong> : Potou Xantho est s\u00e9lectionn\u00e9 sp\u00e9cialement par les chefs pour leurs cr\u00e9ations gastronomiques paradisiaques. Il accompagne id\u00e9alement les l\u00e9gumes grill\u00e9s, les vinaigrettes, les sauces et les marinades. Essayez-le sur du pain grill\u00e9 et du poisson, pour vivre une exp\u00e9rience gastronomique m\u00e9morable. Il est \u00e9galement parfait pour la cuisine asiatique et les desserts.<\/p>\n<p><strong>Conditionnement<\/strong>\u00a0: flacon en verre de 250\u00a0ml, flacon en verre de 500\u00a0ml<\/p>\n<p><strong>Sp\u00e9cifications du produit<\/strong>\u00a0:<\/p>\n<ul>\n<li>Acidit\u00e9 &lt; 0,5\u00a0%<\/li>\n<li>Peroxyde 20 mEq \u039f2\/kg<\/li>\n<li>Teneur en cire \u2264 250 mg\/kg<\/li>\n<li>K232 2,50<\/li>\n<li>K270 0,22<\/li>\n<li>NSP 0,01<\/li>\n<\/ul>\n<p><strong>Origine<\/strong>\u00a0: Maroneia, Rhodope<\/p>\n<p><strong>Vari\u00e9t\u00e9 d&rsquo;olives<\/strong>\u00a0: Maronitiki<\/p>\n<p><strong>Valeur nutritionnelle par 100 ml<\/strong><\/p>\n<table width=\"480\">\n<tbody>\n<tr>\n<td>Valeur \u00e9nerg\u00e9tique<\/td>\n<td>898\u00a0kcal\/\u00a03691\u00a0kj<\/td>\n<\/tr>\n<tr>\n<td>Gras<\/td>\n<td>91,6g<\/td>\n<\/tr>\n<tr>\n<td><em>dont<\/em><\/td>\n<td><\/td>\n<\/tr>\n<tr>\n<td>Satur\u00e9<\/td>\n<td>14,2g<\/td>\n<\/tr>\n<tr>\n<td>Monoinsatur\u00e9<\/td>\n<td>70,9g<\/td>\n<\/tr>\n<tr>\n<td>Polyinsatur\u00e9<\/td>\n<td>6,5g<\/td>\n<\/tr>\n<tr>\n<td>Glucides<\/td>\n<td>0g<\/td>\n<\/tr>\n<tr>\n<td><em>dont<\/em><\/td>\n<td><\/td>\n<\/tr>\n<tr>\n<td>Sucres<\/td>\n<td>0g<\/td>\n<\/tr>\n<tr>\n<td>Prot\u00e9ine<\/td>\n<td>0g<\/td>\n<\/tr>\n<tr>\n<td>Cholest\u00e9rol<\/td>\n<td>0g<\/td>\n<\/tr>\n<tr>\n<td>Fibre<\/td>\n<td>0g<\/td>\n<\/tr>\n<tr>\n<td>Sel<\/td>\n<td>0g<\/td>\n<\/tr>\n<\/tbody>\n<\/table>\n<p>&nbsp;<\/p>\n<ul>\n<li><strong>Sans conservateurs.<\/strong><\/li>\n<li><strong>Aucun additif.<\/strong><\/li>\n<li><strong>Conserver dans un endroit frais et ombrag\u00e9 (22 C max) et jusqu&rsquo;\u00e0 18 mois.<\/strong><\/li>\n<li><strong>Les conditions de livraison doivent \u00eatre les m\u00eames que les conditions de stockage mentionn\u00e9es ci-dessus.<\/strong><\/li>\n<li><strong>Ne pas r\u00e9frig\u00e9rer.<\/strong><\/li>\n<\/ul>\n","protected":false},"excerpt":{"rendered":"<p>Potou Xantho est une huile d&rsquo;olive extra vierge d&rsquo;extraction \u00e0 froid produite uniquement par des moyens m\u00e9caniques \u00e0 Maroneia, la terre mythique des Cicones comme mentionn\u00e9 par Hom\u00e8re.<\/p>\n","protected":false},"featured_media":1570,"comment_status":"closed","ping_status":"closed","template":"","meta":[],"product_brand":[],"product_cat":[160,158],"product_tag":[],"class_list":{"0":"post-1975","1":"product","2":"type-product","3":"status-publish","4":"has-post-thumbnail","6":"product_cat-huiles-dolive-a-haute-teneur-en-phenols","7":"product_cat-huiles-dolive-premium","8":"pa_olive-variety-maronitiki-fr","9":"pa_origin-maroneia-rhodope-fr","10":"pa_packaging-bouteille-en-verre-de-250-ml","11":"pa_packaging-bouteille-en-verre-de-500-ml","13":"first","14":"instock","15":"shipping-taxable","16":"product-type-simple"},"_links":{"self":[{"href":"https:\/\/c-potou.com\/fr\/wp-json\/wp\/v2\/product\/1975","targetHints":{"allow":["GET"]}}],"collection":[{"href":"https:\/\/c-potou.com\/fr\/wp-json\/wp\/v2\/product"}],"about":[{"href":"https:\/\/c-potou.com\/fr\/wp-json\/wp\/v2\/types\/product"}],"replies":[{"embeddable":true,"href":"https:\/\/c-potou.com\/fr\/wp-json\/wp\/v2\/comments?post=1975"}],"wp:featuredmedia":[{"embeddable":true,"href":"https:\/\/c-potou.com\/fr\/wp-json\/wp\/v2\/media\/1570"}],"wp:attachment":[{"href":"https:\/\/c-potou.com\/fr\/wp-json\/wp\/v2\/media?parent=1975"}],"wp:term":[{"taxonomy":"product_brand","embeddable":true,"href":"https:\/\/c-potou.com\/fr\/wp-json\/wp\/v2\/product_brand?post=1975"},{"taxonomy":"product_cat","embeddable":true,"href":"https:\/\/c-potou.com\/fr\/wp-json\/wp\/v2\/product_cat?post=1975"},{"taxonomy":"product_tag","embeddable":true,"href":"https:\/\/c-potou.com\/fr\/wp-json\/wp\/v2\/product_tag?post=1975"}],"curies":[{"name":"wp","href":"https:\/\/api.w.org\/{rel}","templated":true}]}}