{"id":1973,"date":"2021-05-21T02:02:21","date_gmt":"2021-05-20T23:02:21","guid":{"rendered":"https:\/\/c-potou.com\/shop\/non%20class\u00e9\/huile-dolive-au-citron-frais\/"},"modified":"2021-07-19T02:01:50","modified_gmt":"2021-07-18T23:01:50","slug":"huile-dolive-au-citron-frais","status":"publish","type":"product","link":"https:\/\/c-potou.com\/fr\/boutique\/huiles-dolive-premium\/huiles-dolive-aromatisees\/huile-dolive-au-citron-frais\/","title":{"rendered":"Huile d&rsquo;olive au citron frais"},"content":{"rendered":"<p>L&rsquo;huile d&rsquo;olive broy\u00e9e avec des citrons entiers frais incorpore les ar\u00f4mes d&rsquo;agrumes vigoureux \u00e0 n&rsquo;importe quel plat, avec une faible acidit\u00e9 et une saveur riche. Les citrons grecs juteux et les olives de la vari\u00e9t\u00e9 Koroneiki se marient parfaitement \u00e0 vos salades, sauces, viandes et poissons grill\u00e9s, apportant les essences m\u00e9diterran\u00e9ennes \u00e0 votre assiette.<\/p>\n<p>Nos forfaits \u00ab\u00a0Fly On Board\u00a0\u00bb peuvent voyager partout comme un cadeau parfait.<\/p>\n<p><strong>Type<\/strong>\u00a0: Huile d&rsquo;olive moulue au citron frais<\/p>\n<p><strong>Vari\u00e9t\u00e9<\/strong>\u00a0: Koroneiki<\/p>\n<p><strong>R\u00e9gion<\/strong>\u00a0: \u00eele de Zante, Gr\u00e8ce<\/p>\n<p><strong>Conditionnement<\/strong>\u00a0: 100\u00a0ml \u00ab\u00a0Fly On Board\u00a0\u00bb<\/p>\n<p>Disponible dans des emballages plus grands, sur demande. <a href=\"https:\/\/c-potou.com\/fr\/contactez-nous\/\">Veuillez nous contacter pour plus d&rsquo;informations<\/a><\/p>\n<p><strong>Valeur nutritionnelle par 100 ml<\/strong><\/p>\n<table width=\"480\">\n<tbody>\n<tr>\n<td>Valeur \u00e9nerg\u00e9tique<\/td>\n<td>824\u00a0kcal\/3389\u00a0kj<\/td>\n<\/tr>\n<tr>\n<td>Gras<\/td>\n<td>91,6g<\/td>\n<\/tr>\n<tr>\n<td><em>dont<\/em><\/td>\n<td><\/td>\n<\/tr>\n<tr>\n<td>Satur\u00e9<\/td>\n<td>14,2g<\/td>\n<\/tr>\n<tr>\n<td>Monoinsatur\u00e9<\/td>\n<td>70,9g<\/td>\n<\/tr>\n<tr>\n<td>Polyinsatur\u00e9<\/td>\n<td>6,5g<\/td>\n<\/tr>\n<tr>\n<td>Glucides<\/td>\n<td>0g<\/td>\n<\/tr>\n<tr>\n<td><em>dont<\/em><\/td>\n<td><\/td>\n<\/tr>\n<tr>\n<td>Sucres<\/td>\n<td>0g<\/td>\n<\/tr>\n<tr>\n<td>Prot\u00e9ine<\/td>\n<td>0g<\/td>\n<\/tr>\n<tr>\n<td>Cholest\u00e9rol<\/td>\n<td>0g<\/td>\n<\/tr>\n<tr>\n<td>Fibre<\/td>\n<td>0g<\/td>\n<\/tr>\n<tr>\n<td>Sel<\/td>\n<td>0g<\/td>\n<\/tr>\n<\/tbody>\n<\/table>\n<p><img decoding=\"async\" class=\"alignnone size-full wp-image-1778\" src=\"https:\/\/c-potou.com\/wp-content\/uploads\/2021\/06\/vegetarians.png\" alt=\"\" width=\" 60\" height=\"60\" \/><\/p>\n<ul>\n<li><strong>Sans conservateurs.<\/strong><\/li>\n<li><strong>Aucun additif.<\/strong><\/li>\n<li><strong>Conserver dans un endroit frais et ombrag\u00e9 (22 C max) et jusqu&rsquo;\u00e0 18 mois.<\/strong><\/li>\n<li><strong>Les conditions de livraison doivent \u00eatre les m\u00eames que les conditions de stockage mentionn\u00e9es ci-dessus.<\/strong><\/li>\n<li><strong>Ne pas r\u00e9frig\u00e9rer.<\/strong><\/li>\n<\/ul>\n","protected":false},"excerpt":{"rendered":"<p>L&rsquo;huile d&rsquo;olive broy\u00e9e avec des citrons entiers frais incorpore les ar\u00f4mes d&rsquo;agrumes vigoureux \u00e0 n&rsquo;importe quel plat, avec une faible acidit\u00e9 et une saveur riche.<\/p>\n","protected":false},"featured_media":1552,"comment_status":"closed","ping_status":"closed","template":"","meta":[],"product_brand":[],"product_cat":[159,158],"product_tag":[],"class_list":{"0":"post-1973","1":"product","2":"type-product","3":"status-publish","4":"has-post-thumbnail","6":"product_cat-huiles-dolive-aromatisees","7":"product_cat-huiles-dolive-premium","8":"pa_olive-variety-koroneiki-fr","9":"pa_origin-kalamata-fr","10":"pa_packaging-boite-metallique-fly-on-board","12":"first","13":"instock","14":"shipping-taxable","15":"product-type-simple"},"_links":{"self":[{"href":"https:\/\/c-potou.com\/fr\/wp-json\/wp\/v2\/product\/1973","targetHints":{"allow":["GET"]}}],"collection":[{"href":"https:\/\/c-potou.com\/fr\/wp-json\/wp\/v2\/product"}],"about":[{"href":"https:\/\/c-potou.com\/fr\/wp-json\/wp\/v2\/types\/product"}],"replies":[{"embeddable":true,"href":"https:\/\/c-potou.com\/fr\/wp-json\/wp\/v2\/comments?post=1973"}],"wp:featuredmedia":[{"embeddable":true,"href":"https:\/\/c-potou.com\/fr\/wp-json\/wp\/v2\/media\/1552"}],"wp:attachment":[{"href":"https:\/\/c-potou.com\/fr\/wp-json\/wp\/v2\/media?parent=1973"}],"wp:term":[{"taxonomy":"product_brand","embeddable":true,"href":"https:\/\/c-potou.com\/fr\/wp-json\/wp\/v2\/product_brand?post=1973"},{"taxonomy":"product_cat","embeddable":true,"href":"https:\/\/c-potou.com\/fr\/wp-json\/wp\/v2\/product_cat?post=1973"},{"taxonomy":"product_tag","embeddable":true,"href":"https:\/\/c-potou.com\/fr\/wp-json\/wp\/v2\/product_tag?post=1973"}],"curies":[{"name":"wp","href":"https:\/\/api.w.org\/{rel}","templated":true}]}}