{"id":1961,"date":"2021-05-21T01:28:10","date_gmt":"2021-05-20T22:28:10","guid":{"rendered":"https:\/\/c-potou.com\/shop\/non class\u00e9\/huile-dolive-a-la-truffe-de-montagne-grecque\/"},"modified":"2021-05-21T01:28:10","modified_gmt":"2021-05-20T22:28:10","slug":"huile-dolive-a-la-truffe-de-montagne-grecque","status":"publish","type":"product","link":"https:\/\/c-potou.com\/fr\/boutique\/huiles-dolive-premium\/huiles-dolive-aromatisees\/huile-dolive-a-la-truffe-de-montagne-grecque\/","title":{"rendered":"Huile d&rsquo;olive \u00e0 la truffe de montagne grecque"},"content":{"rendered":"<p>L&rsquo;huile d&rsquo;olive extra vierge infus\u00e9e \u00e0 la truffe de montagne grecque transformera vos plats en exp\u00e9riences gastronomiques gastronomiques. Recueillie dans les montagnes grecques, cette d\u00e9licatesse rare aux ar\u00f4mes d\u00e9licats et au go\u00fbt supr\u00eame rehaussera vos plats de p\u00e2tes, de risotto et de viande.<\/p>\n<p><strong>Type<\/strong>\u00a0: Huile d&rsquo;olive extra vierge infus\u00e9e \u00e0 la truffe de montagne grecque<\/p>\n<p><strong>Vari\u00e9t\u00e9<\/strong>\u00a0: Koroneiki<\/p>\n<p><strong>R\u00e9gion<\/strong>\u00a0: P\u00e9loponn\u00e8se, Gr\u00e8ce<\/p>\n<p><strong>Conditionnement<\/strong>\u00a0: 250\u00a0ml<\/p>\n<p><strong>Donn\u00e9es nutritionnelles\u00a0:<\/strong><\/p>\n<table width=\"672\">\n<tbody>\n<tr>\n<td>Par<\/td>\n<td>100 ml de produit<\/td>\n<td>10g (portion)<\/td>\n<\/tr>\n<tr>\n<td>Calories<\/td>\n<td>824kcal\/3389kj<\/td>\n<td>90\u00a0kcal\/370\u00a0kj<\/td>\n<\/tr>\n<tr>\n<td>Prot\u00e9ine<\/td>\n<td>0g<\/td>\n<td>0g<\/td>\n<\/tr>\n<tr>\n<td>Glucides<\/td>\n<td>0g<\/td>\n<td>0g<\/td>\n<\/tr>\n<tr>\n<td>Sucres<\/td>\n<td>0g<\/td>\n<td>0g<\/td>\n<\/tr>\n<tr>\n<td>Gras<\/td>\n<td>91,6\u00a0g<\/td>\n<td>10g<\/td>\n<\/tr>\n<tr>\n<td>Gras satur\u00e9s<\/td>\n<td>12,8\u00a0g<\/td>\n<td>1.4g<\/td>\n<\/tr>\n<tr>\n<td>Gras monoinsatur\u00e9s<\/td>\n<td>70,5\u00a0g<\/td>\n<td>7,7\u00a0g<\/td>\n<\/tr>\n<tr>\n<td>Gras polyinsatur\u00e9s<\/td>\n<td>8.3g<\/td>\n<td>0.9g<\/td>\n<\/tr>\n<tr>\n<td>Fibres<\/td>\n<td>0g<\/td>\n<td>0g<\/td>\n<\/tr>\n<tr>\n<td>Sodium<\/td>\n<td>0g<\/td>\n<td>0g<\/td>\n<\/tr>\n<\/tbody>\n<\/table>\n<p><img decoding=\"async\" class=\"alignnone size-full wp-image-1778\" src=\"https:\/\/c-potou.com\/wp-content\/uploads\/2021\/06\/vegetarians.png\" alt=\"\" width=\" 60\" height=\"60\" \/><\/p>\n<ul>\n<li><strong>Sans conservateurs.<\/strong><\/li>\n<li><strong>Aucun additif.<\/strong><\/li>\n<li><strong>Conserver dans un endroit frais et ombrag\u00e9 (22 C max) et jusqu&rsquo;\u00e0 18 mois.<\/strong><\/li>\n<li><strong>Les conditions de livraison doivent \u00eatre les m\u00eames que les conditions de stockage mentionn\u00e9es ci-dessus.<\/strong><\/li>\n<li><strong>Ne pas r\u00e9frig\u00e9rer.<\/strong><\/li>\n<\/ul>\n","protected":false},"excerpt":{"rendered":"<p>L&rsquo;huile d&rsquo;olive extra vierge infus\u00e9e \u00e0 la truffe de montagne grecque transformera vos plats en exp\u00e9riences gastronomiques gastronomiques.<\/p>\n","protected":false},"featured_media":1528,"comment_status":"closed","ping_status":"closed","template":"","meta":[],"product_brand":[],"product_cat":[159,158],"product_tag":[],"class_list":{"0":"post-1961","1":"product","2":"type-product","3":"status-publish","4":"has-post-thumbnail","6":"product_cat-huiles-dolive-aromatisees","7":"product_cat-huiles-dolive-premium","8":"pa_olive-variety-koroneiki-fr","9":"pa_origin-kalamata-fr","10":"pa_packaging-bouteille-en-verre-de-250-ml","12":"first","13":"instock","14":"shipping-taxable","15":"product-type-simple"},"_links":{"self":[{"href":"https:\/\/c-potou.com\/fr\/wp-json\/wp\/v2\/product\/1961","targetHints":{"allow":["GET"]}}],"collection":[{"href":"https:\/\/c-potou.com\/fr\/wp-json\/wp\/v2\/product"}],"about":[{"href":"https:\/\/c-potou.com\/fr\/wp-json\/wp\/v2\/types\/product"}],"replies":[{"embeddable":true,"href":"https:\/\/c-potou.com\/fr\/wp-json\/wp\/v2\/comments?post=1961"}],"wp:featuredmedia":[{"embeddable":true,"href":"https:\/\/c-potou.com\/fr\/wp-json\/wp\/v2\/media\/1528"}],"wp:attachment":[{"href":"https:\/\/c-potou.com\/fr\/wp-json\/wp\/v2\/media?parent=1961"}],"wp:term":[{"taxonomy":"product_brand","embeddable":true,"href":"https:\/\/c-potou.com\/fr\/wp-json\/wp\/v2\/product_brand?post=1961"},{"taxonomy":"product_cat","embeddable":true,"href":"https:\/\/c-potou.com\/fr\/wp-json\/wp\/v2\/product_cat?post=1961"},{"taxonomy":"product_tag","embeddable":true,"href":"https:\/\/c-potou.com\/fr\/wp-json\/wp\/v2\/product_tag?post=1961"}],"curies":[{"name":"wp","href":"https:\/\/api.w.org\/{rel}","templated":true}]}}