{"id":1955,"date":"2021-05-21T01:06:39","date_gmt":"2021-05-20T22:06:39","guid":{"rendered":"https:\/\/c-potou.com\/shop\/non class\u00e9\/trempette-aux-olives-vertes-fraiches-mezes-bio-kalamata-avec-poivre-rouge-de-florina\/"},"modified":"2021-05-21T01:06:39","modified_gmt":"2021-05-20T22:06:39","slug":"trempette-aux-olives-vertes-fraiches-mezes-bio-kalamata-avec-poivre-rouge-de-florina","status":"publish","type":"product","link":"https:\/\/c-potou.com\/fr\/boutique\/pates-a-tartiner-aux-olives\/trempette-aux-olives-vertes-fraiches-mezes-bio-kalamata-avec-poivre-rouge-de-florina\/","title":{"rendered":"Trempette aux olives vertes fra\u00eeches Mezes Bio-Kalamata avec poivre rouge de Florina"},"content":{"rendered":"<p><img loading=\"lazy\" decoding=\"async\" class=\"alignnone  wp-image-1304\" src=\"https:\/\/c-potou.com\/wp-content\/uploads\/2021\/03\/LogoDIO_En.png\" alt=\"\" width=\"97\" height=\"97\" srcset=\"https:\/\/c-potou.com\/wp-content\/uploads\/2021\/03\/LogoDIO_En.png 195w, https:\/\/c-potou.com\/wp-content\/uploads\/2021\/03\/LogoDIO_En-100x100.png 100w\" sizes=\"auto, (max-width: 97px) 100vw, 97px\" \/><br \/>\nL&rsquo;\u00e9tonnante recette bio et unique Potou. La trempette aux olives vertes de Kalamata Potou bio, a le go\u00fbt naturel de la cuisine grecque traditionnelle inoubliable, compos\u00e9e de d\u00e9licieuses olives fra\u00eeches de Kalamata &amp; 14% poivron rouge fum\u00e9, ail, origan, poivre noir &amp; Huile d&rsquo;olive vierge extra.<\/p>\n<p>Cette recette Bio, \u00e0 la saveur grecque unique, fera voyager vos sens vers de purs plaisirs m\u00e9diterran\u00e9ens. \u00c9talez la trempette aux olives vertes fra\u00eeches sur du pain cuit ou d\u00e9gustez-la sur des sandwichs, tandis que sur des p\u00e2tes et des salades, cela peut en faire un plaisir paradisiaque. Il est id\u00e9al pour les v\u00e9g\u00e9tariens &amp; v\u00e9g\u00e9taliens.<\/p>\n<p>&nbsp;<\/p>\n<p>Astuce : utilisez la trempette verte fra\u00eeche de Kalamata sur des salades vertes, des pommes de terre bouillies et des collations. Trempette id\u00e9ale pour votre ap\u00e9ritif.<\/p>\n<p><strong>Origine\u00a0: Gr\u00e8ce<\/strong><\/p>\n<p><strong>Conditionnement<\/strong>\u00a0: 100gr<\/p>\n<p><strong>Ingr\u00e9dients<\/strong>\u00a0: Olives Kalamata Vertes Fra\u00eeches* (85%), Poivron Rouge* (14%), Ail*, Origan*, Poivre Noir*, Huile d&rsquo;Olive Extra Vierge*<\/p>\n<p>* Produit Bio (Biologique)<\/p>\n<p><img decoding=\"async\" class=\"alignnone size-full wp-image-1778\" src=\"https:\/\/c-potou.com\/wp-content\/uploads\/2021\/06\/vegetarians.png\" alt=\"\" width=\" 60\" height=\"60\" \/><\/p>\n<ul>\n<li><strong>Sans conservateurs.<\/strong><\/li>\n<li><strong>Aucun additif.<\/strong><\/li>\n<li><strong>Produit pasteuris\u00e9.<\/strong><\/li>\n<li><strong>Une fois ouvert, conserver au r\u00e9frig\u00e9rateur (4<\/strong><strong>\u03bf<\/strong><strong> \u2013 6<\/strong><strong>\u03bf<\/strong><strong> C) jusqu&rsquo;\u00e0 10 jours.<\/strong><\/li>\n<li><strong>Tenir \u00e0 l&rsquo;abri de la chaleur et de la lumi\u00e8re<\/strong><\/li>\n<li><strong>Les conditions de livraison doivent \u00eatre les m\u00eames que les conditions de stockage mentionn\u00e9es ci-dessus.<\/strong><\/li>\n<\/ul>\n","protected":false},"excerpt":{"rendered":"<p>L&rsquo;\u00e9tonnante recette bio et unique Potou. La trempette aux olives vertes Kalamata Potou bio, a le go\u00fbt naturel de la cuisine grecque traditionnelle inoubliable.<\/p>\n","protected":false},"featured_media":1516,"comment_status":"closed","ping_status":"closed","template":"","meta":[],"product_brand":[],"product_cat":[157],"product_tag":[],"class_list":{"0":"post-1955","1":"product","2":"type-product","3":"status-publish","4":"has-post-thumbnail","6":"product_cat-pates-a-tartiner-aux-olives","7":"pa_packaging-pot-en-verre-100gr","9":"first","10":"instock","11":"shipping-taxable","12":"product-type-simple"},"_links":{"self":[{"href":"https:\/\/c-potou.com\/fr\/wp-json\/wp\/v2\/product\/1955","targetHints":{"allow":["GET"]}}],"collection":[{"href":"https:\/\/c-potou.com\/fr\/wp-json\/wp\/v2\/product"}],"about":[{"href":"https:\/\/c-potou.com\/fr\/wp-json\/wp\/v2\/types\/product"}],"replies":[{"embeddable":true,"href":"https:\/\/c-potou.com\/fr\/wp-json\/wp\/v2\/comments?post=1955"}],"wp:featuredmedia":[{"embeddable":true,"href":"https:\/\/c-potou.com\/fr\/wp-json\/wp\/v2\/media\/1516"}],"wp:attachment":[{"href":"https:\/\/c-potou.com\/fr\/wp-json\/wp\/v2\/media?parent=1955"}],"wp:term":[{"taxonomy":"product_brand","embeddable":true,"href":"https:\/\/c-potou.com\/fr\/wp-json\/wp\/v2\/product_brand?post=1955"},{"taxonomy":"product_cat","embeddable":true,"href":"https:\/\/c-potou.com\/fr\/wp-json\/wp\/v2\/product_cat?post=1955"},{"taxonomy":"product_tag","embeddable":true,"href":"https:\/\/c-potou.com\/fr\/wp-json\/wp\/v2\/product_tag?post=1955"}],"curies":[{"name":"wp","href":"https:\/\/api.w.org\/{rel}","templated":true}]}}