{"id":1954,"date":"2021-05-21T01:01:29","date_gmt":"2021-05-20T22:01:29","guid":{"rendered":"https:\/\/c-potou.com\/shop\/non class\u00e9\/mezes-bio-tapenade-grecque-tapenade-dolives-kalamata-aux-anchois\/"},"modified":"2021-05-21T01:01:29","modified_gmt":"2021-05-20T22:01:29","slug":"mezes-bio-tapenade-grecque-tapenade-dolives-kalamata-aux-anchois","status":"publish","type":"product","link":"https:\/\/c-potou.com\/fr\/boutique\/pates-a-tartiner-aux-olives\/mezes-bio-tapenade-grecque-tapenade-dolives-kalamata-aux-anchois\/","title":{"rendered":"Mezes Bio &#8211; Tapenade Grecque \u2013 Tapenade d&rsquo;Olives Kalamata aux Anchois"},"content":{"rendered":"<p><img loading=\"lazy\" decoding=\"async\" class=\"alignnone  wp-image-1304\" src=\"https:\/\/c-potou.com\/wp-content\/uploads\/2021\/03\/LogoDIO_En.png\" alt=\"\" width=\"90\" height=\"90\" srcset=\"https:\/\/c-potou.com\/wp-content\/uploads\/2021\/03\/LogoDIO_En.png 195w, https:\/\/c-potou.com\/wp-content\/uploads\/2021\/03\/LogoDIO_En-100x100.png 100w\" sizes=\"auto, (max-width: 90px) 100vw, 90px\" \/><\/p>\n<p>The amazing family recipe. Potou Greek bio tapenade is an exceptional paradigm of our family Greek cuisine, made up of delicious 100% Kalamata olives, anchovies, garlic, dried dill, oregano, black pepper &amp; extra virgin olive oil.<\/p>\n<p>This traditional recipe with a unique Greek flavor will make your senses travel to Mediterranean pleasures. Spread olive tapenade on freshly baked bread or enjoy it on sandwiches, while on pasta and salads can make it a paradise pleasure. It is ideal for vegetarians &amp; vegans.<\/p>\n<p><strong>\u00a0<\/strong><\/p>\n<p><strong>Tip<\/strong>: Use the Greek tapenade on green salads with your favorite extra virgin olive oil and enjoy a healthy dish.<\/p>\n<p>&nbsp;<\/p>\n<p><strong>Packaging<\/strong>: 100gr<\/p>\n<p><strong>Ingredients<\/strong>: Kalamata olive* (48%), Anchovies* (51%), Garlic*, Dried Dill*, Oregano*, Black Pepper*, Extra Virgin Olive Oil*<\/p>\n<p>* Bio (Organic) Product<\/p>\n<p><strong>Origin: Greece<\/strong><\/p>\n<p><img loading=\"lazy\" decoding=\"async\" class=\"alignnone size-full wp-image-1778\" src=\"https:\/\/c-potou.com\/wp-content\/uploads\/2021\/06\/vegetarians.png\" alt=\"\" width=\"60\" height=\"60\" \/><\/p>\n<ul>\n<li><strong>No Preservatives.<\/strong><\/li>\n<li><strong>No Additives.<\/strong><\/li>\n<li><strong>Pasteurized product.<\/strong><\/li>\n<li><strong>Once opened, keep refrigerated (4<\/strong><strong>\u03bf<\/strong><strong> \u2013 6<\/strong><strong>\u03bf<\/strong><strong> C) for up to 10 days.<\/strong><\/li>\n<li><strong>Keep away from heat and light<\/strong><\/li>\n<\/ul>\n<p><strong>Delivery conditions should be the same as storage conditions mentioned above.<\/strong><\/p>\n","protected":false},"excerpt":{"rendered":"<p>L&rsquo;incroyable recette de famille. La bio tapenade grecque de Potou est un paradigme exceptionnel de notre cuisine grecque familiale, compos\u00e9e de d\u00e9licieuses olives 100% Kalamata, anchois, ail, aneth s\u00e9ch\u00e9, origan, poivre noir et huile d&rsquo;olive extra vierge.<\/p>\n","protected":false},"featured_media":1514,"comment_status":"closed","ping_status":"closed","template":"","meta":[],"product_brand":[],"product_cat":[157],"product_tag":[],"class_list":{"0":"post-1954","1":"product","2":"type-product","3":"status-publish","4":"has-post-thumbnail","6":"product_cat-pates-a-tartiner-aux-olives","7":"pa_packaging-pot-en-verre-100gr","9":"first","10":"instock","11":"shipping-taxable","12":"product-type-simple"},"_links":{"self":[{"href":"https:\/\/c-potou.com\/fr\/wp-json\/wp\/v2\/product\/1954","targetHints":{"allow":["GET"]}}],"collection":[{"href":"https:\/\/c-potou.com\/fr\/wp-json\/wp\/v2\/product"}],"about":[{"href":"https:\/\/c-potou.com\/fr\/wp-json\/wp\/v2\/types\/product"}],"replies":[{"embeddable":true,"href":"https:\/\/c-potou.com\/fr\/wp-json\/wp\/v2\/comments?post=1954"}],"wp:featuredmedia":[{"embeddable":true,"href":"https:\/\/c-potou.com\/fr\/wp-json\/wp\/v2\/media\/1514"}],"wp:attachment":[{"href":"https:\/\/c-potou.com\/fr\/wp-json\/wp\/v2\/media?parent=1954"}],"wp:term":[{"taxonomy":"product_brand","embeddable":true,"href":"https:\/\/c-potou.com\/fr\/wp-json\/wp\/v2\/product_brand?post=1954"},{"taxonomy":"product_cat","embeddable":true,"href":"https:\/\/c-potou.com\/fr\/wp-json\/wp\/v2\/product_cat?post=1954"},{"taxonomy":"product_tag","embeddable":true,"href":"https:\/\/c-potou.com\/fr\/wp-json\/wp\/v2\/product_tag?post=1954"}],"curies":[{"name":"wp","href":"https:\/\/api.w.org\/{rel}","templated":true}]}}