{"id":1953,"date":"2021-05-21T00:57:17","date_gmt":"2021-05-20T21:57:17","guid":{"rendered":"https:\/\/c-potou.com\/shop\/non class\u00e9\/creme-dolive-kalamata\/"},"modified":"2021-05-21T00:57:17","modified_gmt":"2021-05-20T21:57:17","slug":"creme-dolive-kalamata","status":"publish","type":"product","link":"https:\/\/c-potou.com\/fr\/boutique\/pates-a-tartiner-aux-olives\/creme-dolive-kalamata\/","title":{"rendered":"Cr\u00e8me d&rsquo;Olive Kalamata"},"content":{"rendered":"<p>Du velours dans votre assiette ! La cr\u00e8me d&rsquo;olives Potou est une d\u00e9licatesse d&rsquo;olive unique avec une texture lisse unique et un go\u00fbt riche d&rsquo;olives de Kalamata. Au cours de sa production, il est soumis \u00e0 un double tamis, ce qui diff\u00e9rencie la cr\u00e8me d&rsquo;olive de la p\u00e2te d&rsquo;olive. Il est parfait s&rsquo;il est \u00e9tal\u00e9 sur du pain ou des craquelins comme collation ou ap\u00e9ritif sain. Essayez-le quotidiennement sur des p\u00e2tes, de la viande ou du poisson grill\u00e9s et des sandwichs \u00e0 la grecque avec de la tomate et du fromage feta. Il est id\u00e9al pour les l\u00e9gumineuses, les plats gastronomiques et les v\u00e9g\u00e9taliens.<\/p>\n<p><strong>Astuce<\/strong> : M\u00e9langez la Cr\u00e8me d&rsquo;Olive \u00e0 votre vinaigrette pour pr\u00e9parer une d\u00e9licieuse vinaigrette ou marinade de l\u00e9gumes tranch\u00e9s pr\u00eats \u00e0 \u00eatre grill\u00e9s.<\/p>\n<p><strong>Conditionnement<\/strong>\u00a0: 100gr, disponible en conditionnement 2,7kg (poids net) &#8211; S\u00e9rie &#8211; RESTO<\/p>\n<p><strong>Ingr\u00e9dients<\/strong>\u00a0: olives Kalamata, huile d&rsquo;olive<\/p>\n<p><img decoding=\"async\" class=\"alignnone size-full wp-image-1778\" src=\"https:\/\/c-potou.com\/wp-content\/uploads\/2021\/06\/vegetarians.png\" alt=\"\" width=\" 60\" height=\"60\" \/><\/p>\n<ul>\n<li><strong>Sans conservateurs.<\/strong><\/li>\n<li><strong>Aucun additif.<\/strong><\/li>\n<li><strong>Produit pasteuris\u00e9.<\/strong><\/li>\n<li><strong>Une fois ouvert, conserver au r\u00e9frig\u00e9rateur (4<\/strong><strong>\u03bf<\/strong><strong> \u2013 6<\/strong><strong>\u03bf<\/strong><strong> C) jusqu&rsquo;\u00e0 15 jours.<\/strong><\/li>\n<li><strong>Ne pas r\u00e9frig\u00e9rer.<\/strong><\/li>\n<\/ul>\n<p><strong>Les conditions de livraison doivent \u00eatre les m\u00eames que les conditions de stockage mentionn\u00e9es ci-dessus.<\/strong><\/p>\n","protected":false},"excerpt":{"rendered":"<p>Du velours dans votre assiette ! La cr\u00e8me d&rsquo;olive Potou est une d\u00e9licatesse d&rsquo;olive unique avec une texture lisse unique et un go\u00fbt riche d&rsquo;olives Kalamata.<\/p>\n","protected":false},"featured_media":1512,"comment_status":"closed","ping_status":"closed","template":"","meta":[],"product_brand":[],"product_cat":[157],"product_tag":[],"class_list":{"0":"post-1953","1":"product","2":"type-product","3":"status-publish","4":"has-post-thumbnail","6":"product_cat-pates-a-tartiner-aux-olives","7":"pa_packaging-pot-en-verre-100gr","8":"pa_packaging-recipient-en-plastique-de-27kg","10":"first","11":"instock","12":"shipping-taxable","13":"product-type-simple"},"_links":{"self":[{"href":"https:\/\/c-potou.com\/fr\/wp-json\/wp\/v2\/product\/1953","targetHints":{"allow":["GET"]}}],"collection":[{"href":"https:\/\/c-potou.com\/fr\/wp-json\/wp\/v2\/product"}],"about":[{"href":"https:\/\/c-potou.com\/fr\/wp-json\/wp\/v2\/types\/product"}],"replies":[{"embeddable":true,"href":"https:\/\/c-potou.com\/fr\/wp-json\/wp\/v2\/comments?post=1953"}],"wp:featuredmedia":[{"embeddable":true,"href":"https:\/\/c-potou.com\/fr\/wp-json\/wp\/v2\/media\/1512"}],"wp:attachment":[{"href":"https:\/\/c-potou.com\/fr\/wp-json\/wp\/v2\/media?parent=1953"}],"wp:term":[{"taxonomy":"product_brand","embeddable":true,"href":"https:\/\/c-potou.com\/fr\/wp-json\/wp\/v2\/product_brand?post=1953"},{"taxonomy":"product_cat","embeddable":true,"href":"https:\/\/c-potou.com\/fr\/wp-json\/wp\/v2\/product_cat?post=1953"},{"taxonomy":"product_tag","embeddable":true,"href":"https:\/\/c-potou.com\/fr\/wp-json\/wp\/v2\/product_tag?post=1953"}],"curies":[{"name":"wp","href":"https:\/\/api.w.org\/{rel}","templated":true}]}}