{"id":1952,"date":"2021-05-21T00:53:26","date_gmt":"2021-05-20T21:53:26","guid":{"rendered":"https:\/\/c-potou.com\/shop\/non class\u00e9\/pate-aux-olives-kalamata-traditionnel\/"},"modified":"2021-05-21T00:53:26","modified_gmt":"2021-05-20T21:53:26","slug":"pate-aux-olives-kalamata-traditionnel","status":"publish","type":"product","link":"https:\/\/c-potou.com\/fr\/boutique\/pates-a-tartiner-aux-olives\/pate-aux-olives-kalamata-traditionnel\/","title":{"rendered":"P\u00e2t\u00e9 aux olives Kalamata traditionnel"},"content":{"rendered":"<p>La magnifique recette de grand-m\u00e8re. Le p\u00e2t\u00e9 d&rsquo;olive traditionnel Potou est un paradigme exceptionnel de la cuisine grecque, compos\u00e9 de d\u00e9licieuses olives Kalamon, de tomates s\u00e9ch\u00e9es au soleil, d&rsquo;ail, d&rsquo;origan et d&rsquo;amp; basilic. Cette recette traditionnelle aux ar\u00f4mes uniques d&rsquo;herbes grecques fera voyager vos sens vers les plaisirs m\u00e9diterran\u00e9ens. \u00c9talez le p\u00e2t\u00e9 aux olives traditionnel sur du pain fra\u00eechement cuit ou d\u00e9gustez-le sur des sandwichs, tandis que sur des p\u00e2tes et des salades, vous pouvez les transformer en un plaisir paradisiaque. Il est id\u00e9al pour les v\u00e9g\u00e9taliens.<\/p>\n<p><strong>Conseil<\/strong>\u00a0: Utilisez le p\u00e2t\u00e9 d&rsquo;olive traditionnel sur les salades vertes avec votre huile d&rsquo;olive extra vierge pr\u00e9f\u00e9r\u00e9e et profitez d&rsquo;un plat sain.<\/p>\n<p><strong>Conditionnement<\/strong>\u00a0: 100gr<\/p>\n<p><strong>Ingr\u00e9dients<\/strong>\u00a0: olives Kalamon (74%), huile d&rsquo;olive extra vierge (15%), tomates s\u00e9ch\u00e9es, ail, vinaigre, sel, herbes grecques (origan &amp; basilic).<\/p>\n<p><img decoding=\"async\" class=\"alignnone size-full wp-image-1778\" src=\"https:\/\/c-potou.com\/wp-content\/uploads\/2021\/06\/vegetarians.png\" alt=\"\" width=\" 60\" height=\"60\" \/><\/p>\n<ul>\n<li><strong>Sans conservateurs.<\/strong><\/li>\n<li><strong>Aucun additif.<\/strong><\/li>\n<li><strong>Produit pasteuris\u00e9.<\/strong><\/li>\n<li><strong>Une fois ouvert, conserver au r\u00e9frig\u00e9rateur (4<\/strong><strong>\u03bf<\/strong><strong> \u2013 6<\/strong><strong>\u03bf<\/strong><strong> C) jusqu&rsquo;\u00e0 15 jours.<\/strong><\/li>\n<li><strong>Ne pas r\u00e9frig\u00e9rer.<\/strong><\/li>\n<li><strong>Les conditions de livraison doivent \u00eatre les m\u00eames que les conditions de stockage mentionn\u00e9es ci-dessus.<\/strong><\/li>\n<\/ul>\n","protected":false},"excerpt":{"rendered":"<p>La magnifique recette de grand-m\u00e8re. Le p\u00e2t\u00e9 d&rsquo;olive traditionnel Potou est un paradigme exceptionnel de la cuisine grecque, compos\u00e9 de d\u00e9licieuses olives Kalamon, de tomates s\u00e9ch\u00e9es au soleil, d&rsquo;ail, d&rsquo;origan et d&rsquo;amp; basilic.<\/p>\n","protected":false},"featured_media":1508,"comment_status":"closed","ping_status":"closed","template":"","meta":[],"product_brand":[],"product_cat":[157],"product_tag":[],"class_list":{"0":"post-1952","1":"product","2":"type-product","3":"status-publish","4":"has-post-thumbnail","6":"product_cat-pates-a-tartiner-aux-olives","7":"pa_packaging-pot-en-verre-100gr","9":"first","10":"instock","11":"shipping-taxable","12":"product-type-simple"},"_links":{"self":[{"href":"https:\/\/c-potou.com\/fr\/wp-json\/wp\/v2\/product\/1952","targetHints":{"allow":["GET"]}}],"collection":[{"href":"https:\/\/c-potou.com\/fr\/wp-json\/wp\/v2\/product"}],"about":[{"href":"https:\/\/c-potou.com\/fr\/wp-json\/wp\/v2\/types\/product"}],"replies":[{"embeddable":true,"href":"https:\/\/c-potou.com\/fr\/wp-json\/wp\/v2\/comments?post=1952"}],"wp:featuredmedia":[{"embeddable":true,"href":"https:\/\/c-potou.com\/fr\/wp-json\/wp\/v2\/media\/1508"}],"wp:attachment":[{"href":"https:\/\/c-potou.com\/fr\/wp-json\/wp\/v2\/media?parent=1952"}],"wp:term":[{"taxonomy":"product_brand","embeddable":true,"href":"https:\/\/c-potou.com\/fr\/wp-json\/wp\/v2\/product_brand?post=1952"},{"taxonomy":"product_cat","embeddable":true,"href":"https:\/\/c-potou.com\/fr\/wp-json\/wp\/v2\/product_cat?post=1952"},{"taxonomy":"product_tag","embeddable":true,"href":"https:\/\/c-potou.com\/fr\/wp-json\/wp\/v2\/product_tag?post=1952"}],"curies":[{"name":"wp","href":"https:\/\/api.w.org\/{rel}","templated":true}]}}