{"id":1949,"date":"2021-05-17T17:06:33","date_gmt":"2021-05-17T14:06:33","guid":{"rendered":"https:\/\/c-potou.com\/shop\/non%20class\u00e9\/olives-kalamata-bio-biologiques-en-saumure-naturelle-double-gold-awarded-2021\/"},"modified":"2021-07-19T01:22:39","modified_gmt":"2021-07-18T22:22:39","slug":"olives-kalamata-bio-biologiques-en-saumure-naturelle-double-gold-awarded-2021","status":"publish","type":"product","link":"https:\/\/c-potou.com\/fr\/boutique\/olives-fr\/olives-kalamata-bio-biologiques-en-saumure-naturelle-double-gold-awarded-2021\/","title":{"rendered":"Olives Kalamata bio (biologiques) en saumure naturelle &#8211; Double Gold Awarded 2021"},"content":{"rendered":"<p><img loading=\"lazy\" decoding=\"async\" class=\"alignnone wp-image-1370\" src=\"https:\/\/c-potou.com\/wp-content\/uploads\/2021\/04\/aristoleo2020.png\" alt=\" width=\"124\" height=\"89\" \/><img loading=\"lazy\" decoding=\"async\" class=\"alignnone wp-image-1304\" src=\"https:\/\/c-potou.com\/wp-content\/uploads\/2021\/03\/LogoDIO_En.png\" alt=\" width=\"87\" height=\"87\" srcset=\"https:\/\/c-potou.com\/wp-content\/uploads\/2021\/03\/LogoDIO_En.png 195w, https:\/\/c-potou.com\/wp-content\/uploads\/2021\/03\/LogoDIO_En-100x100.png 100w\" sizes=\"(max-width: 87px) 100vw, 87px\" \/><\/p>\n<p>Le go\u00fbt Bio royal ! Nos olives Kalamata enti\u00e8res sont r\u00e9colt\u00e9es sur les oliviers apr\u00e8s avoir acquis leur c\u00e9l\u00e8bre couleur de peau fonc\u00e9e. Les olives Kalamata sont connues dans le monde entier pour leur grande taille, leur go\u00fbt riche et leur texture forte ainsi que leur couleur noire distincte. Cette d\u00e9licieuse vari\u00e9t\u00e9 d&rsquo;olives unique est produite exclusivement en Gr\u00e8ce et est conditionn\u00e9e dans de la saumure naturelle apr\u00e8s pasteurisation. Leur go\u00fbt unique et leur d\u00e9licieux croquant en font un en-cas id\u00e9al. Utilisez-les pour donner un twist \u00e0 vos salades et plats m\u00e9diterran\u00e9ens. Il est id\u00e9al pour un r\u00e9gime v\u00e9g\u00e9talien.<\/p>\n<p><img decoding=\"async\" class=\"alignnone size-full wp-image-1778\" src=\"https:\/\/c-potou.com\/wp-content\/uploads\/2021\/06\/vegetarians.png\" alt=\" width=\" 60\" height=\"60\" \/><\/p>\n<p><strong>Astuce<\/strong>\u00a0: Sur de petites brochettes, passez des olives Kalamata et des petits morceaux de fromage pour accompagner votre vin pr\u00e9f\u00e9r\u00e9.<\/p>\n<p><strong>Origine\u00a0: Gr\u00e8ce<\/strong><\/p>\n<p><strong>Emballage<\/strong>\u00a0:<\/p>\n<ul>\n<li>170gr, bocal en verre (poids net)<\/li>\n<li>Jumbo, conteneur en plastique 12\u00a0kg (poids net)<\/li>\n<\/ul>\n<p><strong>Ingr\u00e9dients<\/strong>\u00a0: Olives Kalamata enti\u00e8res*, Eau, Sel de mer, Vinaigre*<\/p>\n<p>Date de durabilit\u00e9 minimale\u00a0: <strong>12\u00a0mois<\/strong><\/p>\n<ul>\n<li><strong>Sans conservateurs.<\/strong><\/li>\n<li><strong>Aucun additif.<\/strong><\/li>\n<li><strong>Produit pasteuris\u00e9.<\/strong><\/li>\n<li><strong>Une fois ouvert, conserver au r\u00e9frig\u00e9rateur (4<\/strong><strong>\u03bf<\/strong><strong> \u2013 6<\/strong><strong>\u03bf<\/strong><strong> C) jusqu&rsquo;\u00e0 10 jours.<\/strong><\/li>\n<li><strong>Tenir \u00e0 l&rsquo;abri de la chaleur et de la lumi\u00e8re<\/strong><\/li>\n<li><strong>Les conditions de livraison doivent \u00eatre les m\u00eames que les conditions de stockage mentionn\u00e9es ci-dessus.<\/strong><\/li>\n<\/ul>\n","protected":false},"excerpt":{"rendered":"<p>Le go\u00fbt Bio royal ! Nos olives Kalamata enti\u00e8res sont r\u00e9colt\u00e9es sur les oliviers apr\u00e8s avoir acquis leur c\u00e9l\u00e8bre couleur de peau fonc\u00e9e. Les olives Kalamata sont connues dans le monde entier pour leur grande taille, leur go\u00fbt riche et leur texture forte ainsi que leur couleur noire distincte. Cette d\u00e9licieuse vari\u00e9t\u00e9 d&rsquo;olives unique est [&#8230;]\n","protected":false},"featured_media":1476,"comment_status":"closed","ping_status":"closed","template":"","meta":[],"product_brand":[],"product_cat":[156],"product_tag":[],"class_list":{"0":"post-1949","1":"product","2":"type-product","3":"status-publish","4":"has-post-thumbnail","6":"product_cat-olives-fr","7":"pa_packaging-conteneur-en-plastique-12kg","8":"pa_packaging-pot-en-verre-170gr","10":"first","11":"instock","12":"shipping-taxable","13":"product-type-simple"},"_links":{"self":[{"href":"https:\/\/c-potou.com\/fr\/wp-json\/wp\/v2\/product\/1949","targetHints":{"allow":["GET"]}}],"collection":[{"href":"https:\/\/c-potou.com\/fr\/wp-json\/wp\/v2\/product"}],"about":[{"href":"https:\/\/c-potou.com\/fr\/wp-json\/wp\/v2\/types\/product"}],"replies":[{"embeddable":true,"href":"https:\/\/c-potou.com\/fr\/wp-json\/wp\/v2\/comments?post=1949"}],"wp:featuredmedia":[{"embeddable":true,"href":"https:\/\/c-potou.com\/fr\/wp-json\/wp\/v2\/media\/1476"}],"wp:attachment":[{"href":"https:\/\/c-potou.com\/fr\/wp-json\/wp\/v2\/media?parent=1949"}],"wp:term":[{"taxonomy":"product_brand","embeddable":true,"href":"https:\/\/c-potou.com\/fr\/wp-json\/wp\/v2\/product_brand?post=1949"},{"taxonomy":"product_cat","embeddable":true,"href":"https:\/\/c-potou.com\/fr\/wp-json\/wp\/v2\/product_cat?post=1949"},{"taxonomy":"product_tag","embeddable":true,"href":"https:\/\/c-potou.com\/fr\/wp-json\/wp\/v2\/product_tag?post=1949"}],"curies":[{"name":"wp","href":"https:\/\/api.w.org\/{rel}","templated":true}]}}