{"id":1846,"date":"2021-07-14T12:14:00","date_gmt":"2021-07-14T09:14:00","guid":{"rendered":"https:\/\/c-potou.com\/produits-gourmands\/"},"modified":"2021-07-14T12:15:14","modified_gmt":"2021-07-14T09:15:14","slug":"produits-gourmands","status":"publish","type":"page","link":"https:\/\/c-potou.com\/fr\/produits-gourmands\/","title":{"rendered":"Produits Gourmands"},"content":{"rendered":"\n\n\t<section class=\"section\" id=\"section_8017596\">\n\t\t<div class=\"section-bg fill\" >\n\t\t\t\t\t\t\t\t\t<div class=\"section-bg-overlay absolute fill\"><\/div>\n\t\t\t\n\n\t\t<\/div>\n\n\t\t\n\n\t\t<div class=\"section-content relative\">\n\t\t\t\n\n<div class=\"container section-title-container\" ><h1 class=\"section-title section-title-center\"><b aria-hidden=\"true\"><\/b><span class=\"section-title-main\" >Produits Gourmands<\/span><b aria-hidden=\"true\"><\/b><\/h1><\/div>\n\n<div class=\"row row-large align-middle\"  id=\"row-470627199\">\n\n\n\t<div id=\"col-1873886412\" class=\"col medium-6 small-12 large-6\"  >\n\t\t\t\t<div class=\"col-inner\"  >\n\t\t\t\n\t\t\t\n\n<div class=\"slider-wrapper relative\" id=\"slider-401750444\" >\n    <div class=\"slider slider-nav-circle slider-nav-large slider-nav-light slider-style-normal\"\n        data-flickity-options='{\n            \"cellAlign\": \"center\",\n            \"imagesLoaded\": true,\n            \"lazyLoad\": 1,\n            \"freeScroll\": false,\n            \"wrapAround\": true,\n            \"autoPlay\": 6000,\n            \"pauseAutoPlayOnHover\" : true,\n            \"prevNextButtons\": true,\n            \"contain\" : true,\n            \"adaptiveHeight\" : true,\n            \"dragThreshold\" : 10,\n            \"percentPosition\": true,\n            \"pageDots\": true,\n            \"rightToLeft\": false,\n            \"draggable\": true,\n            \"selectedAttraction\": 0.1,\n            \"parallax\" : 0,\n            \"friction\": 0.6        }'\n        >\n        \n\n\t<div class=\"img has-hover x md-x lg-x y md-y lg-y\" id=\"image_1156212160\">\n\t\t\t\t\t\t\t\t<div class=\"img-inner image-cover dark\" style=\"padding-top:100%;\">\n\t\t\t<img loading=\"lazy\" decoding=\"async\" width=\"1274\" height=\"849\" src=\"https:\/\/c-potou.com\/wp-content\/uploads\/2021\/04\/meze.jpg\" class=\"attachment-original size-original\" alt=\"\" srcset=\"https:\/\/c-potou.com\/wp-content\/uploads\/2021\/04\/meze.jpg 1274w, https:\/\/c-potou.com\/wp-content\/uploads\/2021\/04\/meze-600x400.jpg 600w, https:\/\/c-potou.com\/wp-content\/uploads\/2021\/04\/meze-1200x800.jpg 1200w, https:\/\/c-potou.com\/wp-content\/uploads\/2021\/04\/meze-768x512.jpg 768w, https:\/\/c-potou.com\/wp-content\/uploads\/2021\/04\/meze-800x533.jpg 800w\" sizes=\"auto, (max-width: 1274px) 100vw, 1274px\" \/>\t\t\t\t\t\t\n\t\t\t\t\t<\/div>\n\t\t\t\t\t\t\t\t\n<style>\n#image_1156212160 {\n  width: 100%;\n}\n<\/style>\n\t<\/div>\n\t\n\n\t<div class=\"img has-hover x md-x lg-x y md-y lg-y\" id=\"image_1806605217\">\n\t\t\t\t\t\t\t\t<div class=\"img-inner image-cover dark\" style=\"padding-top:100%;\">\n\t\t\t<img loading=\"lazy\" decoding=\"async\" width=\"2560\" height=\"2560\" src=\"https:\/\/c-potou.com\/wp-content\/uploads\/2021\/06\/DSC2774-1-scaled.jpg\" class=\"attachment-original size-original\" alt=\"\" srcset=\"https:\/\/c-potou.com\/wp-content\/uploads\/2021\/06\/DSC2774-1-scaled.jpg 2560w, https:\/\/c-potou.com\/wp-content\/uploads\/2021\/06\/DSC2774-1-400x400.jpg 400w, https:\/\/c-potou.com\/wp-content\/uploads\/2021\/06\/DSC2774-1-800x800.jpg 800w, https:\/\/c-potou.com\/wp-content\/uploads\/2021\/06\/DSC2774-1-280x280.jpg 280w, https:\/\/c-potou.com\/wp-content\/uploads\/2021\/06\/DSC2774-1-768x768.jpg 768w, https:\/\/c-potou.com\/wp-content\/uploads\/2021\/06\/DSC2774-1-1536x1536.jpg 1536w, https:\/\/c-potou.com\/wp-content\/uploads\/2021\/06\/DSC2774-1-2048x2048.jpg 2048w, https:\/\/c-potou.com\/wp-content\/uploads\/2021\/06\/DSC2774-1-600x600.jpg 600w, https:\/\/c-potou.com\/wp-content\/uploads\/2021\/06\/DSC2774-1-100x100.jpg 100w\" sizes=\"auto, (max-width: 2560px) 100vw, 2560px\" \/>\t\t\t\t\t\t\n\t\t\t\t\t<\/div>\n\t\t\t\t\t\t\t\t\n<style>\n#image_1806605217 {\n  width: 100%;\n}\n<\/style>\n\t<\/div>\n\t\n\n\t<div class=\"img has-hover x md-x lg-x y md-y lg-y\" id=\"image_1501955278\">\n\t\t\t\t\t\t\t\t<div class=\"img-inner image-cover dark\" style=\"padding-top:100%;\">\n\t\t\t<img loading=\"lazy\" decoding=\"async\" width=\"2560\" height=\"2560\" src=\"https:\/\/c-potou.com\/wp-content\/uploads\/2021\/06\/DSC2555-scaled.jpg\" class=\"attachment-original size-original\" alt=\"\" srcset=\"https:\/\/c-potou.com\/wp-content\/uploads\/2021\/06\/DSC2555-scaled.jpg 2560w, https:\/\/c-potou.com\/wp-content\/uploads\/2021\/06\/DSC2555-400x400.jpg 400w, https:\/\/c-potou.com\/wp-content\/uploads\/2021\/06\/DSC2555-800x800.jpg 800w, https:\/\/c-potou.com\/wp-content\/uploads\/2021\/06\/DSC2555-280x280.jpg 280w, https:\/\/c-potou.com\/wp-content\/uploads\/2021\/06\/DSC2555-768x768.jpg 768w, https:\/\/c-potou.com\/wp-content\/uploads\/2021\/06\/DSC2555-1536x1536.jpg 1536w, https:\/\/c-potou.com\/wp-content\/uploads\/2021\/06\/DSC2555-2048x2048.jpg 2048w, https:\/\/c-potou.com\/wp-content\/uploads\/2021\/06\/DSC2555-600x600.jpg 600w, https:\/\/c-potou.com\/wp-content\/uploads\/2021\/06\/DSC2555-100x100.jpg 100w\" sizes=\"auto, (max-width: 2560px) 100vw, 2560px\" \/>\t\t\t\t\t\t\n\t\t\t\t\t<\/div>\n\t\t\t\t\t\t\t\t\n<style>\n#image_1501955278 {\n  width: 100%;\n}\n<\/style>\n\t<\/div>\n\t\n\n\n     <\/div>\n\n     <div class=\"loading-spin dark large centered\"><\/div>\n\n\t<\/div>\n\n\n\n\t\t<\/div>\n\t\t\t\t\t<\/div>\n\n\t\n\n\t<div id=\"col-894898610\" class=\"col medium-6 small-12 large-6\"  >\n\t\t\t\t<div class=\"col-inner text-left\"  >\n\t\t\t\n\t\t\t\n\n<h2>Olives &#038; meze grec<\/h2>\n<h3>Profitez de vos moments grecs !<\/h3>\n<p>Notre table grecque est pleine d&rsquo;amour, de joie et de meze. Nous partageons avec vous nos merveilleuses saveurs.\n<\/p>\n<p>Inspirez-vous et cr\u00e9ez vos propres plats ou collations!\n<\/p>\n<blockquote>\n<h5>La haute qualit\u00e9 rencontre le d\u00e9licieux !<\/h5>\n<\/blockquote>\n<a href=\"https:\/\/c-potou.com\/fr\/boutique\/\" class=\"button primary lowercase\" >\n\t\t<span>D\u00e9couvrez les produits gastronomiques<\/span>\n\t<\/a>\n\n\n\n\t\t<\/div>\n\t\t\t\t\t<\/div>\n\n\t\n\n<\/div>\n\n\t\t<\/div>\n\n\t\t\n<style>\n#section_8017596 {\n  padding-top: 60px;\n  padding-bottom: 60px;\n  background-color: rgb(193, 193, 193);\n}\n#section_8017596 .section-bg-overlay {\n  background-color: rgba(255, 255, 255, 0.85);\n}\n<\/style>\n\t<\/section>\n\t\n<span class=\"scroll-to\" data-label=\"Scroll to: #olives\" data-bullet=\"false\" data-link=\"#olives\" data-title=\"olives\"><a name=\"olives\"><\/a><\/span>\n\n\n\t<section class=\"section\" id=\"section_1561346163\">\n\t\t<div class=\"section-bg fill\" >\n\t\t\t\t\t\t\t\t\t<div class=\"section-bg-overlay absolute fill\"><\/div>\n\t\t\t\n\n\t\t<\/div>\n\n\t\t\n\n\t\t<div class=\"section-content relative\">\n\t\t\t\n\n<div class=\"container section-title-container\" ><h2 class=\"section-title section-title-center\"><b aria-hidden=\"true\"><\/b><span class=\"section-title-main\" >Olives<\/span><b aria-hidden=\"true\"><\/b><\/h2><\/div>\n\n<div class=\"row row-large align-middle\"  id=\"row-1049975917\">\n\n\n\t<div id=\"col-1923489217\" class=\"col medium-6 small-12 large-6\"  >\n\t\t\t\t<div class=\"col-inner text-left\"  >\n\t\t\t\n\t\t\t\n\n<h3>\u00c9vadez-vous en Gr\u00e8ce !<\/h3>\n<h4>Obtenez le vrai go\u00fbt<\/h4>\n<p>Go\u00fbtez les olives Kalamon, les olives noires s\u00e9ch\u00e9es, les olives vertes de Chalcidique marin\u00e9es aux herbes grecques ou farcies et voyagez vos sens vers la M\u00e9diterran\u00e9e.<\/p>\n<p>D\u00e9gustez-les \u00e0 votre pique-nique, aux tables de famille, \u00e0 l&rsquo;ap\u00e9ro du bureau et \u00e9vadez-vous en Gr\u00e8ce.<\/p>\n<a href=\"https:\/\/c-potou.com\/product-category\/olives\/\" class=\"button primary lowercase\" >\n\t\t<span>D\u00e9couvrir les olives<\/span>\n\t<\/a>\n\n\n\n\t\t<\/div>\n\t\t\t\t\t<\/div>\n\n\t\n\n\t<div id=\"col-2130138709\" class=\"col medium-6 small-12 large-6\"  >\n\t\t\t\t<div class=\"col-inner\"  >\n\t\t\t\n\t\t\t\n\n\n  \n    <div id=\"gallery-437962230\" class=\"slider slider-auto-height row-collapse slider-nav-reveal\" data-flickity-options='{&quot;imagesLoaded&quot;: true, &quot;dragThreshold&quot; : 5, &quot;cellAlign&quot;: &quot;left&quot;,&quot;wrapAround&quot;: true,&quot;prevNextButtons&quot;: true,&quot;percentPosition&quot;: true,&quot;pageDots&quot;: false, &quot;rightToLeft&quot;: false, &quot;autoPlay&quot; : 5000}'>\n\n  <div class=\"gallery-col col\" >\n          <div class=\"col-inner\">\n                        <div class=\"box has-hover gallery-box box-none\">\n              <div class=\"box-image image-cover\" style=\"padding-top:100%;\">\n                <img loading=\"lazy\" decoding=\"async\" width=\"800\" height=\"800\" src=\"https:\/\/c-potou.com\/wp-content\/uploads\/2021\/06\/DSC2569-800x800.jpg\" class=\"attachment-large size-large\" alt=\"\" ids=\"1734,1424,1422\" style=\"none\" lightbox=\"false\" type=\"slider-full\" auto_slide=\"5000\" image_height=\"100%\" image_size=\"large\" srcset=\"https:\/\/c-potou.com\/wp-content\/uploads\/2021\/06\/DSC2569-800x800.jpg 800w, https:\/\/c-potou.com\/wp-content\/uploads\/2021\/06\/DSC2569-400x400.jpg 400w, https:\/\/c-potou.com\/wp-content\/uploads\/2021\/06\/DSC2569-280x280.jpg 280w, https:\/\/c-potou.com\/wp-content\/uploads\/2021\/06\/DSC2569-768x768.jpg 768w, https:\/\/c-potou.com\/wp-content\/uploads\/2021\/06\/DSC2569-1536x1536.jpg 1536w, https:\/\/c-potou.com\/wp-content\/uploads\/2021\/06\/DSC2569-2048x2048.jpg 2048w, https:\/\/c-potou.com\/wp-content\/uploads\/2021\/06\/DSC2569-600x600.jpg 600w, https:\/\/c-potou.com\/wp-content\/uploads\/2021\/06\/DSC2569-100x100.jpg 100w\" sizes=\"auto, (max-width: 800px) 100vw, 800px\" \/>                                                              <\/div>\n              <div class=\"box-text text-left\" >\n                 <p><\/p>\n              <\/div>\n            <\/div>\n                      <\/div>\n         <\/div><div class=\"gallery-col col\" >\n          <div class=\"col-inner\">\n                        <div class=\"box has-hover gallery-box box-none\">\n              <div class=\"box-image image-cover\" style=\"padding-top:100%;\">\n                <img loading=\"lazy\" decoding=\"async\" width=\"832\" height=\"624\" src=\"https:\/\/c-potou.com\/wp-content\/uploads\/2021\/04\/olive1.jpg\" class=\"attachment-large size-large\" alt=\"\" ids=\"1734,1424,1422\" style=\"none\" lightbox=\"false\" type=\"slider-full\" auto_slide=\"5000\" image_height=\"100%\" image_size=\"large\" srcset=\"https:\/\/c-potou.com\/wp-content\/uploads\/2021\/04\/olive1.jpg 832w, https:\/\/c-potou.com\/wp-content\/uploads\/2021\/04\/olive1-533x400.jpg 533w, https:\/\/c-potou.com\/wp-content\/uploads\/2021\/04\/olive1-768x576.jpg 768w, https:\/\/c-potou.com\/wp-content\/uploads\/2021\/04\/olive1-800x600.jpg 800w\" sizes=\"auto, (max-width: 832px) 100vw, 832px\" \/>                                                              <\/div>\n              <div class=\"box-text text-left\" >\n                 <p><\/p>\n              <\/div>\n            <\/div>\n                      <\/div>\n         <\/div><div class=\"gallery-col col\" >\n          <div class=\"col-inner\">\n                        <div class=\"box has-hover gallery-box box-none\">\n              <div class=\"box-image image-cover\" style=\"padding-top:100%;\">\n                <img loading=\"lazy\" decoding=\"async\" width=\"1020\" height=\"680\" src=\"https:\/\/c-potou.com\/wp-content\/uploads\/2021\/04\/olive2-1200x800.jpg\" class=\"attachment-large size-large\" alt=\"\" ids=\"1734,1424,1422\" style=\"none\" lightbox=\"false\" type=\"slider-full\" auto_slide=\"5000\" image_height=\"100%\" image_size=\"large\" srcset=\"https:\/\/c-potou.com\/wp-content\/uploads\/2021\/04\/olive2-1200x800.jpg 1200w, https:\/\/c-potou.com\/wp-content\/uploads\/2021\/04\/olive2-600x400.jpg 600w, https:\/\/c-potou.com\/wp-content\/uploads\/2021\/04\/olive2-768x512.jpg 768w, https:\/\/c-potou.com\/wp-content\/uploads\/2021\/04\/olive2-800x533.jpg 800w, https:\/\/c-potou.com\/wp-content\/uploads\/2021\/04\/olive2.jpg 1274w\" sizes=\"auto, (max-width: 1020px) 100vw, 1020px\" \/>                                                              <\/div>\n              <div class=\"box-text text-left\" >\n                 <p><\/p>\n              <\/div>\n            <\/div>\n                      <\/div>\n         <\/div><\/div>\n\n\n\t\t<\/div>\n\t\t\t\t\t<\/div>\n\n\t\n\n<\/div>\n\n\t\t<\/div>\n\n\t\t\n<style>\n#section_1561346163 {\n  padding-top: 60px;\n  padding-bottom: 60px;\n  background-color: rgb(193, 193, 193);\n}\n#section_1561346163 .section-bg-overlay {\n  background-color: rgba(255, 255, 255, 0.85);\n}\n<\/style>\n\t<\/section>\n\t\n<span class=\"scroll-to\" data-label=\"Scroll to: #olive_spreads\" data-bullet=\"false\" data-link=\"#olive_spreads\" data-title=\"olive_spreads\"><a name=\"olive_spreads\"><\/a><\/span>\n\n\n\t<section class=\"section\" id=\"section_74077299\">\n\t\t<div class=\"section-bg fill\" >\n\t\t\t\t\t\t\t\t\t\n\t\t\t\n\n\t\t<\/div>\n\n\t\t\n\n\t\t<div class=\"section-content relative\">\n\t\t\t\n\n<div class=\"container section-title-container\" ><h2 class=\"section-title section-title-center\"><b aria-hidden=\"true\"><\/b><span class=\"section-title-main\" >Tartinades aux olives<\/span><b aria-hidden=\"true\"><\/b><\/h2><\/div>\n\n<div class=\"row row-large align-middle\"  id=\"row-40995902\">\n\n\n\t<div id=\"col-1662665431\" class=\"col medium-6 small-12 large-6\"  >\n\t\t\t\t<div class=\"col-inner\"  >\n\t\t\t\n\t\t\t\n\n\n  \n    <div id=\"gallery-683607981\" class=\"slider slider-auto-height row-collapse slider-nav-reveal\" data-flickity-options='{&quot;imagesLoaded&quot;: true, &quot;dragThreshold&quot; : 5, &quot;cellAlign&quot;: &quot;left&quot;,&quot;wrapAround&quot;: true,&quot;prevNextButtons&quot;: true,&quot;percentPosition&quot;: true,&quot;pageDots&quot;: false, &quot;rightToLeft&quot;: false, &quot;autoPlay&quot; : 5000}'>\n\n  <div class=\"gallery-col col\" >\n          <div class=\"col-inner\">\n                        <div class=\"box has-hover gallery-box box-none\">\n              <div class=\"box-image image-cover\" style=\"padding-top:100%;\">\n                <img loading=\"lazy\" decoding=\"async\" width=\"800\" height=\"800\" src=\"https:\/\/c-potou.com\/wp-content\/uploads\/2021\/06\/spread1-800x800.jpg\" class=\"attachment-large size-large\" alt=\"\" ids=\"1566,1564\" style=\"none\" lightbox=\"false\" type=\"slider-full\" auto_slide=\"5000\" image_height=\"100%\" image_size=\"large\" srcset=\"https:\/\/c-potou.com\/wp-content\/uploads\/2021\/06\/spread1-800x800.jpg 800w, https:\/\/c-potou.com\/wp-content\/uploads\/2021\/06\/spread1-400x400.jpg 400w, https:\/\/c-potou.com\/wp-content\/uploads\/2021\/06\/spread1-280x280.jpg 280w, https:\/\/c-potou.com\/wp-content\/uploads\/2021\/06\/spread1-768x768.jpg 768w, https:\/\/c-potou.com\/wp-content\/uploads\/2021\/06\/spread1-600x600.jpg 600w, https:\/\/c-potou.com\/wp-content\/uploads\/2021\/06\/spread1-100x100.jpg 100w, https:\/\/c-potou.com\/wp-content\/uploads\/2021\/06\/spread1.jpg 1274w\" sizes=\"auto, (max-width: 800px) 100vw, 800px\" \/>                                                              <\/div>\n              <div class=\"box-text text-left\" >\n                 <p><\/p>\n              <\/div>\n            <\/div>\n                      <\/div>\n         <\/div><div class=\"gallery-col col\" >\n          <div class=\"col-inner\">\n                        <div class=\"box has-hover gallery-box box-none\">\n              <div class=\"box-image image-cover\" style=\"padding-top:100%;\">\n                <img loading=\"lazy\" decoding=\"async\" width=\"800\" height=\"800\" src=\"https:\/\/c-potou.com\/wp-content\/uploads\/2021\/06\/spread2-800x800.jpg\" class=\"attachment-large size-large\" alt=\"\" ids=\"1566,1564\" style=\"none\" lightbox=\"false\" type=\"slider-full\" auto_slide=\"5000\" image_height=\"100%\" image_size=\"large\" srcset=\"https:\/\/c-potou.com\/wp-content\/uploads\/2021\/06\/spread2-800x800.jpg 800w, https:\/\/c-potou.com\/wp-content\/uploads\/2021\/06\/spread2-400x400.jpg 400w, https:\/\/c-potou.com\/wp-content\/uploads\/2021\/06\/spread2-280x280.jpg 280w, https:\/\/c-potou.com\/wp-content\/uploads\/2021\/06\/spread2-768x768.jpg 768w, https:\/\/c-potou.com\/wp-content\/uploads\/2021\/06\/spread2-600x600.jpg 600w, https:\/\/c-potou.com\/wp-content\/uploads\/2021\/06\/spread2-100x100.jpg 100w, https:\/\/c-potou.com\/wp-content\/uploads\/2021\/06\/spread2.jpg 1274w\" sizes=\"auto, (max-width: 800px) 100vw, 800px\" \/>                                                              <\/div>\n              <div class=\"box-text text-left\" >\n                 <p><\/p>\n              <\/div>\n            <\/div>\n                      <\/div>\n         <\/div><\/div>\n\n\n\t\t<\/div>\n\t\t\t\t\t<\/div>\n\n\t\n\n\t<div id=\"col-274215326\" class=\"col medium-6 small-12 large-6\"  >\n\t\t\t\t<div class=\"col-inner text-left\"  >\n\t\t\t\n\t\t\t\n\n<h3>Les d\u00e9lices grecs \u2013 Tartinades aux olives Kalamata<\/h3>\n<p>Les tartinades aux olives Kalamata uniques et d\u00e9licieuses sont des recettes familiales uniques que nous trouvons dans les villages de Mess\u00e9nie \u00e0 des tables familiales avec les saveurs et les ar\u00f4mes purs qui nous font voyager vers la M\u00e9diterran\u00e9e et la Gr\u00e8ce d&rsquo;une mani\u00e8re que nous ne savons que proposer. Profites-en!<\/p>\n<a href=\"https:\/\/c-potou.com\/product-category\/olive-spreads\/\" class=\"button primary lowercase\" >\n\t\t<span>D\u00e9couvrez les tartinades aux olives<\/span>\n\t<\/a>\n\n\n\n\t\t<\/div>\n\t\t\t\t\t<\/div>\n\n\t\n\n<\/div>\n<div class=\"is-divider divider clearfix\" style=\"max-width:0px;\"><\/div>\n\n\n\t\t<\/div>\n\n\t\t\n<style>\n#section_74077299 {\n  padding-top: 60px;\n  padding-bottom: 60px;\n}\n<\/style>\n\t<\/section>\n\t\n\n","protected":false},"excerpt":{"rendered":"","protected":false},"author":1,"featured_media":0,"parent":0,"menu_order":0,"comment_status":"closed","ping_status":"closed","template":"page-blank.php","meta":{"footnotes":""},"class_list":["post-1846","page","type-page","status-publish","hentry"],"_links":{"self":[{"href":"https:\/\/c-potou.com\/fr\/wp-json\/wp\/v2\/pages\/1846","targetHints":{"allow":["GET"]}}],"collection":[{"href":"https:\/\/c-potou.com\/fr\/wp-json\/wp\/v2\/pages"}],"about":[{"href":"https:\/\/c-potou.com\/fr\/wp-json\/wp\/v2\/types\/page"}],"author":[{"embeddable":true,"href":"https:\/\/c-potou.com\/fr\/wp-json\/wp\/v2\/users\/1"}],"replies":[{"embeddable":true,"href":"https:\/\/c-potou.com\/fr\/wp-json\/wp\/v2\/comments?post=1846"}],"version-history":[{"count":3,"href":"https:\/\/c-potou.com\/fr\/wp-json\/wp\/v2\/pages\/1846\/revisions"}],"predecessor-version":[{"id":1849,"href":"https:\/\/c-potou.com\/fr\/wp-json\/wp\/v2\/pages\/1846\/revisions\/1849"}],"wp:attachment":[{"href":"https:\/\/c-potou.com\/fr\/wp-json\/wp\/v2\/media?parent=1846"}],"curies":[{"name":"wp","href":"https:\/\/api.w.org\/{rel}","templated":true}]}}