{"id":1828,"date":"2021-07-13T20:33:55","date_gmt":"2021-07-13T17:33:55","guid":{"rendered":"https:\/\/c-potou.com\/contactez-nous\/"},"modified":"2021-07-13T20:46:20","modified_gmt":"2021-07-13T17:46:20","slug":"contactez-nous","status":"publish","type":"page","link":"https:\/\/c-potou.com\/fr\/contactez-nous\/","title":{"rendered":"Contactez-nous"},"content":{"rendered":"\n<div class=\"container section-title-container\" style=\"margin-top:60px;\"><h1 class=\"section-title section-title-center\"><b aria-hidden=\"true\"><\/b><span class=\"section-title-main\" >Contactez-nous<\/span><b aria-hidden=\"true\"><\/b><\/h1><\/div>\n\n<div class=\"row\"  id=\"row-1829271721\">\n\n\n\t<div id=\"col-894961958\" class=\"col medium-6 large-6\"  >\n\t\t\t\t<div class=\"col-inner\"  >\n\t\t\t\n\t\t\t\n\n<div class=\"container section-title-container\" ><h2 class=\"section-title section-title-normal\"><b aria-hidden=\"true\"><\/b><span class=\"section-title-main\" >Informations<\/span><b aria-hidden=\"true\"><\/b><\/h2><\/div>\n\n<h3>Groupe de compagnies<br \/>\nConstantin Potou<\/h3>\n<p>Kalvou 14, 15233, Halandri<br \/>\nAth\u00e8nes, Gr\u00e8ce<\/p>\n<p>T\u00e9l: <a href=\"tel:+30 6947123680\">+30 6947123680<\/a>, <a href=\"tel:+30 2130318077\">+30 2130318077<\/a><br \/>\nT\u00e9l\u00e9copieur: +30 210 28 38 668<br \/>\nCourriel: <a href=\"mailto:info@c-potou.com?Subject=Mail%20to%20c-potou.com\" target=\"_top\" rel=\"noopener\">info@c-potou.com<\/a><\/p>\n\n\t\t<\/div>\n\t\t\t\t\t<\/div>\n\n\t\n\n\t<div id=\"col-1725346937\" class=\"col medium-6 large-6\"  >\n\t\t\t\t<div class=\"col-inner\"  >\n\t\t\t\n\t\t\t\n\n<div class=\"container section-title-container\" ><h2 class=\"section-title section-title-normal\"><b aria-hidden=\"true\"><\/b><span class=\"section-title-main\" >Formulaire de contact<\/span><b aria-hidden=\"true\"><\/b><\/h2><\/div>\n\n\n<div class=\"wpcf7 no-js\" id=\"wpcf7-f1827-o1\" lang=\"fr-FR\" dir=\"ltr\" data-wpcf7-id=\"1827\">\n<div class=\"screen-reader-response\"><p role=\"status\" aria-live=\"polite\" aria-atomic=\"true\"><\/p> <ul><\/ul><\/div>\n<form action=\"\/fr\/wp-json\/wp\/v2\/pages\/1828#wpcf7-f1827-o1\" method=\"post\" class=\"wpcf7-form init\" aria-label=\"Formulaire de contact\" novalidate=\"novalidate\" data-status=\"init\">\n<fieldset class=\"hidden-fields-container\"><input type=\"hidden\" name=\"_wpcf7\" value=\"1827\" \/><input type=\"hidden\" name=\"_wpcf7_version\" value=\"6.1.5\" \/><input type=\"hidden\" name=\"_wpcf7_locale\" value=\"fr_FR\" \/><input type=\"hidden\" name=\"_wpcf7_unit_tag\" value=\"wpcf7-f1827-o1\" \/><input type=\"hidden\" name=\"_wpcf7_container_post\" value=\"0\" \/><input type=\"hidden\" name=\"_wpcf7_posted_data_hash\" value=\"\" \/><input type=\"hidden\" name=\"_wpcf7_recaptcha_response\" value=\"\" \/>\n<\/fieldset>\n<p><label> Votre nom<br \/>\n<span class=\"wpcf7-form-control-wrap\" data-name=\"your-name\"><input size=\"40\" maxlength=\"400\" class=\"wpcf7-form-control wpcf7-text wpcf7-validates-as-required\" aria-required=\"true\" aria-invalid=\"false\" value=\"\" type=\"text\" name=\"your-name\" \/><\/span> <\/label>\n<\/p>\n<p><label> Votre e-mail<br \/>\n<span class=\"wpcf7-form-control-wrap\" data-name=\"your-email\"><input size=\"40\" maxlength=\"400\" class=\"wpcf7-form-control wpcf7-email wpcf7-validates-as-required wpcf7-text wpcf7-validates-as-email\" aria-required=\"true\" aria-invalid=\"false\" value=\"\" type=\"email\" name=\"your-email\" \/><\/span> <\/label>\n<\/p>\n<p><label> Mati\u00e8re<br \/>\n<span class=\"wpcf7-form-control-wrap\" data-name=\"your-subject\"><input size=\"40\" maxlength=\"400\" class=\"wpcf7-form-control wpcf7-text wpcf7-validates-as-required\" aria-required=\"true\" aria-invalid=\"false\" value=\"\" type=\"text\" name=\"your-subject\" \/><\/span> <\/label>\n<\/p>\n<p><label> Votre message (facultatif)<br \/>\n<span class=\"wpcf7-form-control-wrap\" data-name=\"your-message\"><textarea cols=\"40\" rows=\"10\" maxlength=\"2000\" class=\"wpcf7-form-control wpcf7-textarea\" aria-invalid=\"false\" name=\"your-message\"><\/textarea><\/span> <\/label>\n<\/p>\n<p><span class=\"wpcf7-form-control-wrap\" data-name=\"acceptance-691\"><span class=\"wpcf7-form-control wpcf7-acceptance\"><span class=\"wpcf7-list-item\"><label><input type=\"checkbox\" name=\"acceptance-691\" value=\"1\" aria-invalid=\"false\" \/><span class=\"wpcf7-list-item-label\">J'accepte les conditions g\u00e9n\u00e9rales et la politique de confidentialit\u00e9.<\/span><\/label><\/span><\/span><\/span>\n<\/p>\n<p><input class=\"wpcf7-form-control wpcf7-submit has-spinner\" type=\"submit\" value=\"Envoyer\" \/>\n<\/p><div class=\"wpcf7-response-output\" aria-hidden=\"true\"><\/div>\n<\/form>\n<\/div>\n\n\n\n\t\t<\/div>\n\t\t\t\t\t<\/div>\n\n\t\n\n<\/div>\n\n","protected":false},"excerpt":{"rendered":"","protected":false},"author":1,"featured_media":0,"parent":0,"menu_order":0,"comment_status":"closed","ping_status":"closed","template":"page-blank.php","meta":{"footnotes":""},"class_list":["post-1828","page","type-page","status-publish","hentry"],"_links":{"self":[{"href":"https:\/\/c-potou.com\/fr\/wp-json\/wp\/v2\/pages\/1828","targetHints":{"allow":["GET"]}}],"collection":[{"href":"https:\/\/c-potou.com\/fr\/wp-json\/wp\/v2\/pages"}],"about":[{"href":"https:\/\/c-potou.com\/fr\/wp-json\/wp\/v2\/types\/page"}],"author":[{"embeddable":true,"href":"https:\/\/c-potou.com\/fr\/wp-json\/wp\/v2\/users\/1"}],"replies":[{"embeddable":true,"href":"https:\/\/c-potou.com\/fr\/wp-json\/wp\/v2\/comments?post=1828"}],"version-history":[{"count":4,"href":"https:\/\/c-potou.com\/fr\/wp-json\/wp\/v2\/pages\/1828\/revisions"}],"predecessor-version":[{"id":1832,"href":"https:\/\/c-potou.com\/fr\/wp-json\/wp\/v2\/pages\/1828\/revisions\/1832"}],"wp:attachment":[{"href":"https:\/\/c-potou.com\/fr\/wp-json\/wp\/v2\/media?parent=1828"}],"curies":[{"name":"wp","href":"https:\/\/api.w.org\/{rel}","templated":true}]}}